{"id":111,"date":"2013-02-16T22:02:25","date_gmt":"2013-02-16T22:02:25","guid":{"rendered":"http:\/\/svsul.com.br\/sv\/?page_id=111"},"modified":"2013-03-07T02:16:40","modified_gmt":"2013-03-07T02:16:40","slug":"sobre","status":"publish","type":"page","link":"http:\/\/svsul.com.br\/sv\/?page_id=111","title":{"rendered":"Sobre"},"content":{"rendered":"<p>Fundada em Outubro de 2006 nossa empresa \u00e9 distribuidora da SVBrasil em todo territ\u00f3rio Nacional, editora que publica os livros da vis\u00e3o celular no modelo dos 12 , escrito pelo Ap. Ren\u00ea Terra Nova, al\u00e9m de outros autores. Temos a responsabilidade de facilitar as igrejas da vis\u00e3o e seus disc\u00edpulos na aquisi\u00e7\u00e3o do Material da vis\u00e3o a fim de impulsionar o desenvolvimento das vidas. A n\u00edvel de Brasil e exterior, nossa empresa traz uma infinidade de livros, cd&#8217;s e Dvd&#8217;s evang\u00e9licos, bem como materiais diversos promocionais e de utilidades. Num novo tempo estamos distribuindo com exclusividade produtos da SVJ\u00f3ias como botons, pingentes, an\u00e9is e semi-j\u00f3ias especiais, todo material banhado em ouro de excelente qualidade de quem produz com longa experi\u00eancia em metais nobres. Produzimos lembran\u00e7as especiais para igrejas, eventos e empresas, pulseiras para congressos e semin\u00e1rios, adesivos prism\u00e1ticos, bolsas, sacolas, pastas, mochilas, etc. Temos um neg\u00f3cio, mas o principal objetivo \u00e9 criar facilidade de acesso aos minist\u00e9rios e disc\u00edpulos para aquisi\u00e7\u00e3o de produtos que s\u00e3o criados com qualidade e excel\u00eancia.<\/p>\n<p><strong>Jesu\u00e9 Lopes<\/strong><\/p>\n","protected":false},"excerpt":{"rendered":"<p>Fundada em Outubro de 2006 nossa empresa \u00e9 distribuidora da SVBrasil em todo territ\u00f3rio Nacional, editora que publica os livros da vis\u00e3o celular no modelo dos 12 , escrito pelo Ap. Ren\u00ea Terra Nova, al\u00e9m de outros autores. Temos a responsabilidade de facilitar as igrejas da vis\u00e3o e seus disc\u00edpulos na aquisi\u00e7\u00e3o do Material da [&hellip;]<\/p>\n","protected":false},"author":1,"featured_media":0,"parent":0,"menu_order":2,"comment_status":"open","ping_status":"open","template":"","meta":{"footnotes":""},"_links":{"self":[{"href":"http:\/\/svsul.com.br\/sv\/index.php?rest_route=\/wp\/v2\/pages\/111"}],"collection":[{"href":"http:\/\/svsul.com.br\/sv\/index.php?rest_route=\/wp\/v2\/pages"}],"about":[{"href":"http:\/\/svsul.com.br\/sv\/index.php?rest_route=\/wp\/v2\/types\/page"}],"author":[{"embeddable":true,"href":"http:\/\/svsul.com.br\/sv\/index.php?rest_route=\/wp\/v2\/users\/1"}],"replies":[{"embeddable":true,"href":"http:\/\/svsul.com.br\/sv\/index.php?rest_route=%2Fwp%2Fv2%2Fcomments&post=111"}],"version-history":[{"count":4,"href":"http:\/\/svsul.com.br\/sv\/index.php?rest_route=\/wp\/v2\/pages\/111\/revisions"}],"predecessor-version":[{"id":354,"href":"http:\/\/svsul.com.br\/sv\/index.php?rest_route=\/wp\/v2\/pages\/111\/revisions\/354"}],"wp:attachment":[{"href":"http:\/\/svsul.com.br\/sv\/index.php?rest_route=%2Fwp%2Fv2%2Fmedia&parent=111"}],"curies":[{"name":"wp","href":"https:\/\/api.w.org\/{rel}","templated":true}]}}