{"id":8,"date":"2012-11-03T21:53:36","date_gmt":"2012-11-03T21:53:36","guid":{"rendered":"http:\/\/svsul.com.br\/sv\/?page_id=8"},"modified":"2013-02-16T14:51:10","modified_gmt":"2013-02-16T14:51:10","slug":"rastrear-pedido","status":"publish","type":"page","link":"http:\/\/svsul.com.br\/sv\/?page_id=8","title":{"rendered":"Pedidos"},"content":{"rendered":"<div class=\"woocommerce\">\n<form action=\"http:\/\/svsul.com.br\/sv\/?page_id=8\" method=\"post\" class=\"woocommerce-form woocommerce-form-track-order track_order\">\n\n\t\n\t<p>Para acompanhar o seu pedido, digite o ID do pedido na caixa abaixo e pressione o bot\u00e3o &quot;Rastrear&quot;. O ID do pedido foi informado em sua fatura e est\u00e1 no e-mail de confirma\u00e7\u00e3o que voc\u00ea deve ter recebido.<\/p>\n\n\t<p class=\"form-row form-row-first\"><label for=\"orderid\">ID do pedido<\/label> <input class=\"input-text\" type=\"text\" name=\"orderid\" id=\"orderid\" value=\"\" placeholder=\"Encontrado no seu e-mail de confirma\u00e7\u00e3o do pedido.\" \/><\/p>\t<p class=\"form-row form-row-last\"><label for=\"order_email\">E-mail de faturamento<\/label> <input class=\"input-text\" type=\"text\" name=\"order_email\" id=\"order_email\" value=\"\" placeholder=\"E-mail utilizado durante a finaliza\u00e7\u00e3o de compra.\" \/><\/p>\t<div class=\"clear\"><\/div>\n\n\t\n\t<p class=\"form-row\"><button type=\"submit\" class=\"button\" name=\"track\" value=\"Rastrear\">Rastrear<\/button><\/p>\n\t<input type=\"hidden\" id=\"woocommerce-order-tracking-nonce\" name=\"woocommerce-order-tracking-nonce\" value=\"f6e26afa24\" \/><input type=\"hidden\" name=\"_wp_http_referer\" value=\"\/sv\/index.php?rest_route=%2Fwp%2Fv2%2Fpages%2F8\" \/>\n\t\n<\/form>\n<\/div>\n","protected":false},"excerpt":{"rendered":"","protected":false},"author":1,"featured_media":0,"parent":5,"menu_order":0,"comment_status":"closed","ping_status":"open","template":"","meta":{"footnotes":""},"_links":{"self":[{"href":"http:\/\/svsul.com.br\/sv\/index.php?rest_route=\/wp\/v2\/pages\/8"}],"collection":[{"href":"http:\/\/svsul.com.br\/sv\/index.php?rest_route=\/wp\/v2\/pages"}],"about":[{"href":"http:\/\/svsul.com.br\/sv\/index.php?rest_route=\/wp\/v2\/types\/page"}],"author":[{"embeddable":true,"href":"http:\/\/svsul.com.br\/sv\/index.php?rest_route=\/wp\/v2\/users\/1"}],"replies":[{"embeddable":true,"href":"http:\/\/svsul.com.br\/sv\/index.php?rest_route=%2Fwp%2Fv2%2Fcomments&post=8"}],"version-history":[{"count":3,"href":"http:\/\/svsul.com.br\/sv\/index.php?rest_route=\/wp\/v2\/pages\/8\/revisions"}],"predecessor-version":[{"id":108,"href":"http:\/\/svsul.com.br\/sv\/index.php?rest_route=\/wp\/v2\/pages\/8\/revisions\/108"}],"up":[{"embeddable":true,"href":"http:\/\/svsul.com.br\/sv\/index.php?rest_route=\/wp\/v2\/pages\/5"}],"wp:attachment":[{"href":"http:\/\/svsul.com.br\/sv\/index.php?rest_route=%2Fwp%2Fv2%2Fmedia&parent=8"}],"curies":[{"name":"wp","href":"https:\/\/api.w.org\/{rel}","templated":true}]}}