{"id":1271,"date":"2014-11-30T12:26:26","date_gmt":"2014-11-30T12:26:26","guid":{"rendered":"http:\/\/svsul.com.br\/sv\/?post_type=product&#038;p=1271"},"modified":"2023-01-17T13:14:11","modified_gmt":"2023-01-17T13:14:11","slug":"terapia-de-temperamentos-arao-amazonas","status":"publish","type":"product","link":"http:\/\/svsul.com.br\/sv\/?product=terapia-de-temperamentos-arao-amazonas","title":{"rendered":"Terapia de temperamentos &#8211; Ar\u00e3o Amazonas"},"content":{"rendered":"<p>Simp\u00e1ticos, entusiastas e motivadores, os sangu\u00edneos alegram a vida de muita gente\u00a0 e fazem grande diferen\u00e7a quando o assunto \u00e9 habilidade de relacionar-se.<\/p>\n<p>Objetivos, inteligentes e com forte pulso de lideran\u00e7a, os col\u00e9ricos s\u00e3o respons\u00e1veis por grandes constru\u00e7\u00f5es e projetos, al\u00e9m de terem muito \u00eaxito em quase tudo o que fazem.<\/p>\n<p>Discretos, todavia simp\u00e1ticos e diplomatas, os fleum\u00e1ticos conseguem fazer conex\u00e3o com os demais temperamentos sem muitas dificuldades, al\u00e9m de manterem equil\u00edbrio diante de press\u00f5es.<\/p>\n<p>Inteligentes, perfeccionistas, com diferentes dons art\u00edsticos, os melanc\u00f3licos espalham harmonia em diferentes lugares por onde passam e s\u00e3o grandes cientistas e descobridores de novos inventos.<\/p>\n<p>Cada um de n\u00f3s possui um temperamento bem pr\u00f3prio, que nos distingue dos demais. Todavia, nossos temperamentos t\u00eam atitudes bem pr\u00f3prias e previs\u00edveis diante das varias situa\u00e7\u00f5es do nosso dia a dia em fam\u00edlia, trabalho e nos mais variados ambientes que nos encontremos.<\/p>\n<p>Os autores abordam os quatro tipos de temperamentos e esmi\u00fa\u00e7am em detalhes os diferentes tipos de rea\u00e7\u00e3o em diversas situa\u00e7\u00f5es. Nesta leitura bem din\u00e2mica e repleta de exemplos do dia a dia, o leitor estar\u00e1 a frente de um espelho e ser\u00e1 levado a enxergar suas pr\u00f3prias rea\u00e7\u00f5es e jeito \u00a0de ser atrav\u00e9s dos mais variados tipos de abordagem.<\/p>\n<p>O final \u00e9 uma reflex\u00e3o para entender melhor a si mesmo e aos que convivem ao seu lado, aprendendo a precaver-se e a compreender naturalmente as mais varias maneiras de como as pessoas reagem diante de cada situa\u00e7\u00e3o.<\/p>\n<p>&nbsp;<\/p>\n<p>Autor: Ar\u00e3o Amazonas<\/p>\n","protected":false},"excerpt":{"rendered":"<p>Os autores abordam os quatro tipos de temperamentos e esmi\u00fa\u00e7am em detalhes os diferentes tipos de rea\u00e7\u00e3o em diversas situa\u00e7\u00f5es. Nesta leitura bem din\u00e2mica e repleta de exemplos do dia a dia, o leitor estar\u00e1 a frente de um espelho e ser\u00e1 levado a enxergar suas pr\u00f3prias rea\u00e7\u00f5es e jeito \u00a0de ser atrav\u00e9s dos mais variados tipos de abordagem.<\/p>\n","protected":false},"featured_media":1272,"comment_status":"open","ping_status":"closed","template":"","meta":[],"product_cat":[14,18],"product_tag":[164,163],"_links":{"self":[{"href":"http:\/\/svsul.com.br\/sv\/index.php?rest_route=\/wp\/v2\/product\/1271"}],"collection":[{"href":"http:\/\/svsul.com.br\/sv\/index.php?rest_route=\/wp\/v2\/product"}],"about":[{"href":"http:\/\/svsul.com.br\/sv\/index.php?rest_route=\/wp\/v2\/types\/product"}],"replies":[{"embeddable":true,"href":"http:\/\/svsul.com.br\/sv\/index.php?rest_route=%2Fwp%2Fv2%2Fcomments&post=1271"}],"wp:featuredmedia":[{"embeddable":true,"href":"http:\/\/svsul.com.br\/sv\/index.php?rest_route=\/wp\/v2\/media\/1272"}],"wp:attachment":[{"href":"http:\/\/svsul.com.br\/sv\/index.php?rest_route=%2Fwp%2Fv2%2Fmedia&parent=1271"}],"wp:term":[{"taxonomy":"product_cat","embeddable":true,"href":"http:\/\/svsul.com.br\/sv\/index.php?rest_route=%2Fwp%2Fv2%2Fproduct_cat&post=1271"},{"taxonomy":"product_tag","embeddable":true,"href":"http:\/\/svsul.com.br\/sv\/index.php?rest_route=%2Fwp%2Fv2%2Fproduct_tag&post=1271"}],"curies":[{"name":"wp","href":"https:\/\/api.w.org\/{rel}","templated":true}]}}