{"id":1273,"date":"2014-11-30T12:28:10","date_gmt":"2014-11-30T12:28:10","guid":{"rendered":"http:\/\/svsul.com.br\/sv\/?post_type=product&#038;p=1273"},"modified":"2019-01-29T15:56:28","modified_gmt":"2019-01-29T15:56:28","slug":"louvor-em-meio-a-guerra-ana-marcia-britto","status":"publish","type":"product","link":"http:\/\/svsul.com.br\/sv\/?product=louvor-em-meio-a-guerra-ana-marcia-britto","title":{"rendered":"Louvor em meio \u00e0 guerra- Ana M\u00e1rcia Britto"},"content":{"rendered":"<p>O que fazer diante de uma m\u00e1 not\u00edcia? Qual a rea\u00e7\u00e3o quando tudo ao seu redor parece desmoronar? Para\u00a0 Ana M\u00e1rcia Britto, a sa\u00edda foi adorar, crer e permanecer servindo no Altar.<\/p>\n<p>Ap\u00f3s a confirma\u00e7\u00e3o de um c\u00e2ncer de mama em est\u00e1gio avan\u00e7ado, Ana M\u00e1rcia decidiu louvar mesmo que a figueira n\u00e3o florescesse, adorar mesmo se o cora\u00e7\u00e3o estivesse apertado e angustiado e servir na Casa de Deus mesmo se a for\u00e7a fosse pequena. O resultado foi o renascimento de uma nova Ana M\u00e1rcia, outra mulher, mais esposa, mais m\u00e3e, mais serva, mais levita, mais humana que antes.<\/p>\n<p>Neste livro, voc\u00ea encontrar\u00e1 essa historia emocionante, regada a l\u00e1grimas e f\u00e9, que transformaram um not\u00edcia de morte em um decreto de vida. Em todas as p\u00e1ginas, o relato do tratamento e da cura \u00e9 aliado a li\u00e7\u00f5es precios\u00edssimas das situa\u00e7\u00f5es vividas na fam\u00edlia, na Igreja e com os amigos.<\/p>\n<p>A autora tamb\u00e9m consegue compartilhar com o leitor os princ\u00edpios b\u00edblicos que decidiu tomar como base para a sua vit\u00f3ria, galgando degrau ap\u00f3s degrau, experi\u00eancia ap\u00f3s experi\u00eancia, a consolida\u00e7\u00e3o da sua cura.<\/p>\n<p>Este livro n\u00e3o \u00e9 apenas um testemunho de f\u00e9, \u00e9 um instrumento de cura, renova\u00e7\u00e3o e esperan\u00e7a para todos aqueles que tamb\u00e9m est\u00e3o enfrentando seus desertos e que certamente decidir\u00e3o cantar um louvor em meio \u00e0 guerra.<\/p>\n<p>&nbsp;<\/p>\n<p>Autor: Ana M\u00e1rcia Britto.<\/p>\n","protected":false},"excerpt":{"rendered":"<p>Este livro n\u00e3o \u00e9 apenas um testemunho de f\u00e9, \u00e9 um instrumento de cura, renova\u00e7\u00e3o e esperan\u00e7a para todos aqueles que tamb\u00e9m est\u00e3o enfrentando seus desertos e que certamente decidir\u00e3o cantar um louvor em meio \u00e0 guerra.<\/p>\n","protected":false},"featured_media":1274,"comment_status":"open","ping_status":"closed","template":"","meta":[],"product_cat":[14,18],"product_tag":[162,161],"_links":{"self":[{"href":"http:\/\/svsul.com.br\/sv\/index.php?rest_route=\/wp\/v2\/product\/1273"}],"collection":[{"href":"http:\/\/svsul.com.br\/sv\/index.php?rest_route=\/wp\/v2\/product"}],"about":[{"href":"http:\/\/svsul.com.br\/sv\/index.php?rest_route=\/wp\/v2\/types\/product"}],"replies":[{"embeddable":true,"href":"http:\/\/svsul.com.br\/sv\/index.php?rest_route=%2Fwp%2Fv2%2Fcomments&post=1273"}],"wp:featuredmedia":[{"embeddable":true,"href":"http:\/\/svsul.com.br\/sv\/index.php?rest_route=\/wp\/v2\/media\/1274"}],"wp:attachment":[{"href":"http:\/\/svsul.com.br\/sv\/index.php?rest_route=%2Fwp%2Fv2%2Fmedia&parent=1273"}],"wp:term":[{"taxonomy":"product_cat","embeddable":true,"href":"http:\/\/svsul.com.br\/sv\/index.php?rest_route=%2Fwp%2Fv2%2Fproduct_cat&post=1273"},{"taxonomy":"product_tag","embeddable":true,"href":"http:\/\/svsul.com.br\/sv\/index.php?rest_route=%2Fwp%2Fv2%2Fproduct_tag&post=1273"}],"curies":[{"name":"wp","href":"https:\/\/api.w.org\/{rel}","templated":true}]}}