{"id":1277,"date":"2014-11-30T12:36:35","date_gmt":"2014-11-30T12:36:35","guid":{"rendered":"http:\/\/svsul.com.br\/sv\/?post_type=product&#038;p=1277"},"modified":"2019-01-29T15:55:11","modified_gmt":"2019-01-29T15:55:11","slug":"reflexoes-de-uma-vida-francieme-costa","status":"publish","type":"product","link":"http:\/\/svsul.com.br\/sv\/?product=reflexoes-de-uma-vida-francieme-costa","title":{"rendered":"Reflex\u00f5es de uma Vida &#8211; Francieme Costa"},"content":{"rendered":"<p>Reflex\u00f5es de uma vida \u00e9 um livro que levar\u00e1 voce a encontrar assuntos variados com os quais se identificar\u00e1 ou identificar\u00e1 em algu\u00e9m que pode precisar de ajuda.<\/p>\n<p>Refletir e mudar \u00e9 mais importante do que murmurar e n\u00e3o sair do lugar. N\u00e3o h\u00e1 nada mais triste do que, diante de um erro ou de uma situa\u00e7\u00e3o que exige mudan\u00e7as, sermos chamados \u00e0 aten\u00e7\u00e3o e n\u00e3o estarmos dispostos a abrir m\u00e3o e nos corrigir.<\/p>\n<p>Autora: Francieme Costa<\/p>\n","protected":false},"excerpt":{"rendered":"<div class=\"product-name\">\n<p>Refletir e mudar \u00e9 mais importante do que murmurar e n\u00e3o sair do lugar. N\u00e3o h\u00e1 nada mais triste do que, diante de um erro ou de uma situa\u00e7\u00e3o que exige mudan\u00e7as, sermos chamados \u00e0 aten\u00e7\u00e3o e n\u00e3o estarmos dispostos a abrir m\u00e3o e nos corrigir.<\/p>\n<\/div>\n","protected":false},"featured_media":1278,"comment_status":"open","ping_status":"closed","template":"","meta":[],"product_cat":[14,18],"product_tag":[159,158],"_links":{"self":[{"href":"http:\/\/svsul.com.br\/sv\/index.php?rest_route=\/wp\/v2\/product\/1277"}],"collection":[{"href":"http:\/\/svsul.com.br\/sv\/index.php?rest_route=\/wp\/v2\/product"}],"about":[{"href":"http:\/\/svsul.com.br\/sv\/index.php?rest_route=\/wp\/v2\/types\/product"}],"replies":[{"embeddable":true,"href":"http:\/\/svsul.com.br\/sv\/index.php?rest_route=%2Fwp%2Fv2%2Fcomments&post=1277"}],"wp:featuredmedia":[{"embeddable":true,"href":"http:\/\/svsul.com.br\/sv\/index.php?rest_route=\/wp\/v2\/media\/1278"}],"wp:attachment":[{"href":"http:\/\/svsul.com.br\/sv\/index.php?rest_route=%2Fwp%2Fv2%2Fmedia&parent=1277"}],"wp:term":[{"taxonomy":"product_cat","embeddable":true,"href":"http:\/\/svsul.com.br\/sv\/index.php?rest_route=%2Fwp%2Fv2%2Fproduct_cat&post=1277"},{"taxonomy":"product_tag","embeddable":true,"href":"http:\/\/svsul.com.br\/sv\/index.php?rest_route=%2Fwp%2Fv2%2Fproduct_tag&post=1277"}],"curies":[{"name":"wp","href":"https:\/\/api.w.org\/{rel}","templated":true}]}}