{"id":1287,"date":"2014-11-30T12:45:23","date_gmt":"2014-11-30T12:45:23","guid":{"rendered":"http:\/\/svsul.com.br\/sv\/?post_type=product&#038;p=1287"},"modified":"2023-01-17T13:07:57","modified_gmt":"2023-01-17T13:07:57","slug":"tenho-uma-celula-e-agora-roberto-williams","status":"publish","type":"product","link":"http:\/\/svsul.com.br\/sv\/?product=tenho-uma-celula-e-agora-roberto-williams","title":{"rendered":"Tenho uma c\u00e9lula e agora &#8211; Roberto Williams"},"content":{"rendered":"<p>Tenho uma c\u00e9lula e agora?<\/p>\n<p>A estrat\u00e9gia das c\u00e9lulas \u00e9 sem d\u00favida uma grande b\u00ean\u00e7\u00e3o de Deus para estes dias, semelhante a Arca da Alian\u00e7a na casa de Obede-Edom, a qual trouxe a presen\u00e7a e b\u00ean\u00e7\u00e3os do Senhor ( 2 Samuel 6: 10-11).<\/p>\n<p>Somos todos chamados a compartilhar o Evangelho de Cristo dentro das nossas casas, abrindo as portas para aqueles que ainda n\u00e3o conhecem Jesus.<\/p>\n<p>O exerc\u00edcio de lideran\u00e7a de uma c\u00e9lula, traz desafios nos quais precisamos da ajuda do Senhor atrav\u00e9s da un\u00e7\u00e3o, sabedoria e do conhecimento Dele.<\/p>\n<p>Tendo em vista a necessidade de suprir os lideres de um material pr\u00e1tico a respeito deste assunto, e trazer auxilio aos pastores no Modelo dos 12, o foi criado o livro \u201cTenho uma c\u00e9lula e agora?\u201d.<\/p>\n<p>O prop\u00f3sito n\u00e3o \u00e9 esgotar o tema, nem estabelecer um estudo teol\u00f3gico, mas trazer os princ\u00edpios da Vis\u00e3o aplicados no dia a dia de c\u00e9lula.<\/p>\n<p>&nbsp;<\/p>\n<p>Autor: Roberto Williams<\/p>\n","protected":false},"excerpt":{"rendered":"<p>A estrat\u00e9gia das c\u00e9lulas \u00e9 sem d\u00favida uma grande b\u00ean\u00e7\u00e3o de Deus para estes dias, semelhante a Arca da Alian\u00e7a na casa de Obede-Edom, a qual trouxe a presen\u00e7a e b\u00ean\u00e7\u00e3os do Senhor ( 2 Samuel 6: 10-11).<\/p>\n","protected":false},"featured_media":1288,"comment_status":"open","ping_status":"closed","template":"","meta":[],"product_cat":[14,18],"product_tag":[132,151,150],"_links":{"self":[{"href":"http:\/\/svsul.com.br\/sv\/index.php?rest_route=\/wp\/v2\/product\/1287"}],"collection":[{"href":"http:\/\/svsul.com.br\/sv\/index.php?rest_route=\/wp\/v2\/product"}],"about":[{"href":"http:\/\/svsul.com.br\/sv\/index.php?rest_route=\/wp\/v2\/types\/product"}],"replies":[{"embeddable":true,"href":"http:\/\/svsul.com.br\/sv\/index.php?rest_route=%2Fwp%2Fv2%2Fcomments&post=1287"}],"wp:featuredmedia":[{"embeddable":true,"href":"http:\/\/svsul.com.br\/sv\/index.php?rest_route=\/wp\/v2\/media\/1288"}],"wp:attachment":[{"href":"http:\/\/svsul.com.br\/sv\/index.php?rest_route=%2Fwp%2Fv2%2Fmedia&parent=1287"}],"wp:term":[{"taxonomy":"product_cat","embeddable":true,"href":"http:\/\/svsul.com.br\/sv\/index.php?rest_route=%2Fwp%2Fv2%2Fproduct_cat&post=1287"},{"taxonomy":"product_tag","embeddable":true,"href":"http:\/\/svsul.com.br\/sv\/index.php?rest_route=%2Fwp%2Fv2%2Fproduct_tag&post=1287"}],"curies":[{"name":"wp","href":"https:\/\/api.w.org\/{rel}","templated":true}]}}