{"id":1291,"date":"2014-11-30T12:48:37","date_gmt":"2014-11-30T12:48:37","guid":{"rendered":"http:\/\/svsul.com.br\/sv\/?post_type=product&#038;p=1291"},"modified":"2021-12-07T14:41:48","modified_gmt":"2021-12-07T14:41:48","slug":"guia-do-mover-celular-fruto-fiel-rene-terra-nova","status":"publish","type":"product","link":"http:\/\/svsul.com.br\/sv\/?product=guia-do-mover-celular-fruto-fiel-rene-terra-nova","title":{"rendered":"Guia do Mover Celular Fruto Fiel &#8211; Ren\u00ea Terra Nova"},"content":{"rendered":"<p class=\"p1\">Voc\u00ea saber\u00e1 como nasceu o Encontro do Mover Celular. Em visita \u00e0 Terra Santa, em Maio de 2005, Deus come\u00e7ou a ministrar, de maneira espec\u00edfica, ao cora\u00e7\u00e3o do Ap\u00f3stolo Ren\u00ea, sobre o Encontro Mover Celular &#8211; Fruto Fiel. Foram noites inteiras escrevendo nos c\u00e9us de Jerusal\u00e9m, onde tudo \u00e9 mais vis\u00edvel.<\/p>\n<p class=\"p1\">A ess\u00eancia do que ele recebeu ali est\u00e1 contida neste Guia que poder\u00e1 mudar definitivamente a sua hist\u00f3ria de lideran\u00e7a e, por completo, a hist\u00f3ria do seu Minist\u00e9rio.<\/p>\n<p>Ap\u00f3stolo Ren\u00ea Terra Nova<\/p>\n<p>P\u00e1ginas: 132<\/p>\n","protected":false},"excerpt":{"rendered":"<p class=\"p1\">Voc\u00ea saber\u00e1 como nasceu o Encontro do Mover Celular. Em visita \u00e0 Terra Santa, em Maio de 2005, Deus come\u00e7ou a ministrar, de maneira espec\u00edfica, ao cora\u00e7\u00e3o do Ap\u00f3stolo Ren\u00ea, sobre o Encontro Mover Celular &#8211; Fruto Fiel. Foram noites inteiras escrevendo nos c\u00e9us de Jerusal\u00e9m, onde tudo \u00e9 mais vis\u00edvel.<\/p>\n","protected":false},"featured_media":1292,"comment_status":"open","ping_status":"closed","template":"","meta":[],"product_cat":[14,18],"product_tag":[54,149,53,59],"_links":{"self":[{"href":"http:\/\/svsul.com.br\/sv\/index.php?rest_route=\/wp\/v2\/product\/1291"}],"collection":[{"href":"http:\/\/svsul.com.br\/sv\/index.php?rest_route=\/wp\/v2\/product"}],"about":[{"href":"http:\/\/svsul.com.br\/sv\/index.php?rest_route=\/wp\/v2\/types\/product"}],"replies":[{"embeddable":true,"href":"http:\/\/svsul.com.br\/sv\/index.php?rest_route=%2Fwp%2Fv2%2Fcomments&post=1291"}],"wp:featuredmedia":[{"embeddable":true,"href":"http:\/\/svsul.com.br\/sv\/index.php?rest_route=\/wp\/v2\/media\/1292"}],"wp:attachment":[{"href":"http:\/\/svsul.com.br\/sv\/index.php?rest_route=%2Fwp%2Fv2%2Fmedia&parent=1291"}],"wp:term":[{"taxonomy":"product_cat","embeddable":true,"href":"http:\/\/svsul.com.br\/sv\/index.php?rest_route=%2Fwp%2Fv2%2Fproduct_cat&post=1291"},{"taxonomy":"product_tag","embeddable":true,"href":"http:\/\/svsul.com.br\/sv\/index.php?rest_route=%2Fwp%2Fv2%2Fproduct_tag&post=1291"}],"curies":[{"name":"wp","href":"https:\/\/api.w.org\/{rel}","templated":true}]}}