{"id":143,"date":"2013-03-03T13:47:53","date_gmt":"2013-03-03T13:47:53","guid":{"rendered":"http:\/\/svsul.com.br\/sv\/?post_type=product&#038;p=143"},"modified":"2021-12-07T00:47:47","modified_gmt":"2021-12-07T00:47:47","slug":"formando-um-lider-de-exito-aluno-3","status":"publish","type":"product","link":"http:\/\/svsul.com.br\/sv\/?product=formando-um-lider-de-exito-aluno-3","title":{"rendered":"FORMANDO UM L\u00cdDER DE EXITO &#8211; ALUNO 3"},"content":{"rendered":"<p>A vis\u00e3o Celular no Modelo dos 12 promove liberta\u00e7\u00e3o e cura. N\u00e3o h\u00e1 cr\u00e9dito na conquista de um l\u00edder que n\u00e3o tenha passado por esses dois processos. Por\u00e9m, a decis\u00e3o \u00e9 fundamental para que a un\u00e7\u00e3o de conquista seja desatada. Todo l\u00edder forma\u00e7\u00e3o precisa observar atentamente os princ\u00edpios necess\u00e1rios para alcan\u00e7ar o verdadeiro \u00eaxito: estar aberto para receber vida de Deus, ficar pr\u00f3ximo do discipulador e exercitar o que \u00e9 ministrado.<\/p>\n<p>Voc\u00ea tem em m\u00e3os um livro que ser\u00e1 uma poderosa ferramenta neste processo de forma\u00e7\u00e3o de lideran\u00e7a. \u00c9 um material simplificado, mas elaborado com objetivo de estabelecer bases s\u00f3lidas na sua vida, al\u00e9m de capacit\u00e1-lo para a conquista das multid\u00f5es. A Escola de l\u00edderes faz parte da Vis\u00e3o Celular no modelo dos 12, executando eficientemente o discipulado. Nela o disc\u00edpulo tem a oportunidade de firmar os seus passos no caminho com Jesus, compreendendo e sistematizando a sua f\u00e9 a fim de frutificar onde quer que seja plantado. A Escola de l\u00edderes adota a metodologia da educa\u00e7\u00e3o por Princ\u00edpios B\u00edblicos, cumprindo assim o maior objetivo: formar l\u00edderes de \u00eaxito atrav\u00e9s do ensino da palavra.<\/p>\n<p>FORMANDO UM L\u00cdDER DE EXITO &#8211; ALUNO 3 &#8211; Autor: Ren\u00ea Terra Nova &#8211; 117 p\u00e1ginas<\/p>\n","protected":false},"excerpt":{"rendered":"<p>A vis\u00e3o Celular no Modelo dos 12 promove liberta\u00e7\u00e3o e cura. N\u00e3o h\u00e1 cr\u00e9dito na conquista de um l\u00edder que n\u00e3o tenha passado por esses dois processos.<br \/>\nAutor: Ren\u00ea Terra Nova &#8211; 117 p\u00e1ginas<\/p>\n","protected":false},"featured_media":144,"comment_status":"open","ping_status":"closed","template":"","meta":[],"product_cat":[14,16],"product_tag":[147,30,59],"_links":{"self":[{"href":"http:\/\/svsul.com.br\/sv\/index.php?rest_route=\/wp\/v2\/product\/143"}],"collection":[{"href":"http:\/\/svsul.com.br\/sv\/index.php?rest_route=\/wp\/v2\/product"}],"about":[{"href":"http:\/\/svsul.com.br\/sv\/index.php?rest_route=\/wp\/v2\/types\/product"}],"replies":[{"embeddable":true,"href":"http:\/\/svsul.com.br\/sv\/index.php?rest_route=%2Fwp%2Fv2%2Fcomments&post=143"}],"wp:featuredmedia":[{"embeddable":true,"href":"http:\/\/svsul.com.br\/sv\/index.php?rest_route=\/wp\/v2\/media\/144"}],"wp:attachment":[{"href":"http:\/\/svsul.com.br\/sv\/index.php?rest_route=%2Fwp%2Fv2%2Fmedia&parent=143"}],"wp:term":[{"taxonomy":"product_cat","embeddable":true,"href":"http:\/\/svsul.com.br\/sv\/index.php?rest_route=%2Fwp%2Fv2%2Fproduct_cat&post=143"},{"taxonomy":"product_tag","embeddable":true,"href":"http:\/\/svsul.com.br\/sv\/index.php?rest_route=%2Fwp%2Fv2%2Fproduct_tag&post=143"}],"curies":[{"name":"wp","href":"https:\/\/api.w.org\/{rel}","templated":true}]}}