{"id":156,"date":"2013-03-03T14:01:14","date_gmt":"2013-03-03T14:01:14","guid":{"rendered":"http:\/\/svsul.com.br\/sv\/?post_type=product&#038;p=156"},"modified":"2023-01-17T13:21:08","modified_gmt":"2023-01-17T13:21:08","slug":"12-o-codigo-genetico-da-inteligencia-e-sabedoria","status":"publish","type":"product","link":"http:\/\/svsul.com.br\/sv\/?product=12-o-codigo-genetico-da-inteligencia-e-sabedoria","title":{"rendered":"12, O CODIGO GEN\u00c9TICO DA INTELIG\u00caNCIA E SABEDORIA"},"content":{"rendered":"<p>Vemos tantas descobertas dentro do seu pr\u00f3prio organismo, porque um dos 12 decidiu andar sozinho, abriu m\u00e3o do mentoreamento e est\u00e1 debaixo de complica\u00e7\u00e3o, causando desordem no corpo, o que nos escandaliza, por estarmos falando do Corpo de Cristo. Ent\u00e3o nos perguntamos: Por que tantas pessoas est\u00e3o disfuncionadas e n\u00e3o conseguem caminhar debaixo do pleno \u00eaxito enquanto tantos outros est\u00e3o estabelecendo poderosas conquistas?<\/p>\n<p>Essa pergunta \u00e9 de fundamental import\u00e2ncia se voc\u00ea descobrir que, at\u00e9 na gen\u00e9tica, a quebra do principio do mentoreamento traz assaltos e resultados frustrantes, pois anda debaixo da ordem. Inclusive, sobre a organiza\u00e7\u00e3o da Igreja de Jesus foi declarado que a partir dos 12 nasceria um povo e a doutrina com os princ\u00edpios do Reino e com os ensinos apost\u00f3licos (Lucas 6: 12 \u2013 16 \/ Atos 2: 42).<\/p>\n<p>Neste livro, voc\u00ea descobrir\u00e1 que a quebra do princ\u00edpio resulta em cat\u00e1strofe tanto para a gest\u00e3o org\u00e2nica, biol\u00f3gica, quanto espiritual, f\u00edsica ou institucional. Todos passam pelo crivo de obedi\u00eancia \u00e0 lideran\u00e7a, de respeitabilidade a mentores e \u00e0queles que foram levantados como chefe sobre todos. O mundo espiritual, o mundo f\u00edsico e o cient\u00edfico caminham juntos no quesito princ\u00edpios que v\u00e3o estabelecendo toda uma organiza\u00e7\u00e3o estrutural para que as ordens sejam cumpridas e os resultados sejam aparentes.<\/p>\n<p>&nbsp;<\/p>\n<p>Autor: Ren\u00ea Terra Nova<\/p>\n<p>P\u00e1ginas: 144<\/p>\n","protected":false},"excerpt":{"rendered":"<p>Neste livro, voc\u00ea descobrir\u00e1 que a quebra do princ\u00edpio resulta em cat\u00e1strofe tanto para a gest\u00e3o org\u00e2nica, biol\u00f3gica, quanto espiritual, f\u00edsica ou institucional.<\/p>\n","protected":false},"featured_media":157,"comment_status":"open","ping_status":"closed","template":"","meta":[],"product_cat":[14,18],"product_tag":[40],"_links":{"self":[{"href":"http:\/\/svsul.com.br\/sv\/index.php?rest_route=\/wp\/v2\/product\/156"}],"collection":[{"href":"http:\/\/svsul.com.br\/sv\/index.php?rest_route=\/wp\/v2\/product"}],"about":[{"href":"http:\/\/svsul.com.br\/sv\/index.php?rest_route=\/wp\/v2\/types\/product"}],"replies":[{"embeddable":true,"href":"http:\/\/svsul.com.br\/sv\/index.php?rest_route=%2Fwp%2Fv2%2Fcomments&post=156"}],"wp:featuredmedia":[{"embeddable":true,"href":"http:\/\/svsul.com.br\/sv\/index.php?rest_route=\/wp\/v2\/media\/157"}],"wp:attachment":[{"href":"http:\/\/svsul.com.br\/sv\/index.php?rest_route=%2Fwp%2Fv2%2Fmedia&parent=156"}],"wp:term":[{"taxonomy":"product_cat","embeddable":true,"href":"http:\/\/svsul.com.br\/sv\/index.php?rest_route=%2Fwp%2Fv2%2Fproduct_cat&post=156"},{"taxonomy":"product_tag","embeddable":true,"href":"http:\/\/svsul.com.br\/sv\/index.php?rest_route=%2Fwp%2Fv2%2Fproduct_tag&post=156"}],"curies":[{"name":"wp","href":"https:\/\/api.w.org\/{rel}","templated":true}]}}