{"id":160,"date":"2013-03-03T14:04:31","date_gmt":"2013-03-03T14:04:31","guid":{"rendered":"http:\/\/svsul.com.br\/sv\/?post_type=product&#038;p=160"},"modified":"2023-01-17T13:20:37","modified_gmt":"2023-01-17T13:20:37","slug":"a-inteligencia-da-visao","status":"publish","type":"product","link":"http:\/\/svsul.com.br\/sv\/?product=a-inteligencia-da-visao","title":{"rendered":"A INTELIG\u00caNCIA DA VIS\u00c3O"},"content":{"rendered":"<p>O livro \u201cA Intelig\u00eancia da Vis\u00e3o\u201d aponta para o fato de o l\u00edder buscar na sabedoria divina e no conhecimento b\u00edblico fontes de inspira\u00e7\u00e3o, utilizando para isso a maior ferramenta dada por Deus a n\u00f3s, nossa intelig\u00eancia. Al\u00e9m disso, ele d\u00e1 uma especial aten\u00e7\u00e3o aos processos necess\u00e1rios de desenvolvimento de tal cogni\u00e7\u00e3o humana.<br \/>\nAp\u00f3stolo Ren\u00ea Terra Nova nos mostra que devemos entender que o nosso potencial de criatividade s\u00f3 \u00e9 acionado internamente quando fizermos, de fato, o uso racional de nossa intelig\u00eancia. Mas o que pode levar algu\u00e9m a crescer al\u00e9m de si? O que coroa um l\u00edder de conquistas? O autor deixa claro que um homem de intelecto aprimorado, da linha saber, \u00e9 aquele que simplesmente coloca em pr\u00e1tica aquilo que sabe. Temos, sim, que absorver conhecimento, mas o \u00eaxito para o exerc\u00edcio ministerial de vit\u00f3ria requer a pr\u00e1xis de tudo aquilo que o mesmo se diz saber. A intelig\u00eancia est\u00e1 em alta, sim. Aqueles que investem na aquisi\u00e7\u00e3o do conhecimento t\u00eam a aten\u00e7\u00e3o de Deus declarada na Palavra. E \u00e9 por isso que este livro nos traz inspira\u00e7\u00e3o para alagarmos nossas percep\u00e7\u00f5es cognitivas.<br \/>\nMostra-nos detalhes incr\u00edveis e impressionantes sobre a import\u00e2ncia de agirmos baseados em detalhes e recursos que a intelig\u00eancia humana, dada por Deus, disponibiliza a cada um de n\u00f3s.<\/p>\n<p>Autor: Ren\u00ea Terra Nova &#8211; 150 p\u00e1ginas.<\/p>\n","protected":false},"excerpt":{"rendered":"<p>O livro \u201cA Intelig\u00eancia da Vis\u00e3o\u201d aponta para o fato de o l\u00edder buscar na sabedoria divina e no conhecimento b\u00edblico fontes de inspira\u00e7\u00e3o, utilizando para isso a maior ferramenta dada por Deus a n\u00f3s, nossa intelig\u00eancia. Autor: Ren\u00ea Terra Nova &#8211; 150 p\u00e1gina<\/p>\n","protected":false},"featured_media":161,"comment_status":"open","ping_status":"closed","template":"","meta":[],"product_cat":[14,18],"product_tag":[200,59,40],"_links":{"self":[{"href":"http:\/\/svsul.com.br\/sv\/index.php?rest_route=\/wp\/v2\/product\/160"}],"collection":[{"href":"http:\/\/svsul.com.br\/sv\/index.php?rest_route=\/wp\/v2\/product"}],"about":[{"href":"http:\/\/svsul.com.br\/sv\/index.php?rest_route=\/wp\/v2\/types\/product"}],"replies":[{"embeddable":true,"href":"http:\/\/svsul.com.br\/sv\/index.php?rest_route=%2Fwp%2Fv2%2Fcomments&post=160"}],"wp:featuredmedia":[{"embeddable":true,"href":"http:\/\/svsul.com.br\/sv\/index.php?rest_route=\/wp\/v2\/media\/161"}],"wp:attachment":[{"href":"http:\/\/svsul.com.br\/sv\/index.php?rest_route=%2Fwp%2Fv2%2Fmedia&parent=160"}],"wp:term":[{"taxonomy":"product_cat","embeddable":true,"href":"http:\/\/svsul.com.br\/sv\/index.php?rest_route=%2Fwp%2Fv2%2Fproduct_cat&post=160"},{"taxonomy":"product_tag","embeddable":true,"href":"http:\/\/svsul.com.br\/sv\/index.php?rest_route=%2Fwp%2Fv2%2Fproduct_tag&post=160"}],"curies":[{"name":"wp","href":"https:\/\/api.w.org\/{rel}","templated":true}]}}