{"id":162,"date":"2013-03-03T14:06:01","date_gmt":"2013-03-03T14:06:01","guid":{"rendered":"http:\/\/svsul.com.br\/sv\/?post_type=product&#038;p=162"},"modified":"2023-01-17T13:20:25","modified_gmt":"2023-01-17T13:20:25","slug":"a-presenca-fala-mais-que-palavras","status":"publish","type":"product","link":"http:\/\/svsul.com.br\/sv\/?product=a-presenca-fala-mais-que-palavras","title":{"rendered":"A PRESEN\u00c7A FALA MAIS QUE PALAVRAS"},"content":{"rendered":"<p>A presen\u00e7a \u00e9 uma ideia de Deus, que Ele mesmo colocou em pr\u00e1tica para consolidar a humanidade, \u201cE o Verbo se fez carne, e habitou entre n\u00f3s&#8230;\u201d (Jo\u00e3o 1:14) Neste s\u00e9culo da comunica\u00e7\u00e3o digital, n\u00e3o existe mais a valoriza\u00e7\u00e3o da presen\u00e7a, pois as m\u00e1quinas ocuparam o lugar das pessoas e exterminaram as presen\u00e7as saud\u00e1veis, tirando o direito das pessoas estarem frente e de se olharem olhos nos olhos. As redes sociais est\u00e3o ocupando muitos espa\u00e7os, roubando a comunica\u00e7\u00e3o atrav\u00e9s do toque. As pessoas n\u00e3o se cumprimentam e n\u00e3o est\u00e3o caminhando rumo ao comportamento mais exitoso que existe a PRESEN\u00c7A que o Eterno tem ensinado \u00e0 nossa gente. Assim, teremos uma melhor qualidade de vida e mudan\u00e7as relevantes em todas as \u00e1reas.<\/p>\n<p>Autor: Ren\u00ea Terra Nova<\/p>\n<p>P\u00e1ginas: 152<\/p>\n","protected":false},"excerpt":{"rendered":"<p>A presen\u00e7a \u00e9 uma ideia de Deus, que Ele mesmo colocou em pr\u00e1tica para consolidar a humanidade.<\/p>\n","protected":false},"featured_media":163,"comment_status":"open","ping_status":"closed","template":"","meta":[],"product_cat":[14,18],"product_tag":[199,59],"_links":{"self":[{"href":"http:\/\/svsul.com.br\/sv\/index.php?rest_route=\/wp\/v2\/product\/162"}],"collection":[{"href":"http:\/\/svsul.com.br\/sv\/index.php?rest_route=\/wp\/v2\/product"}],"about":[{"href":"http:\/\/svsul.com.br\/sv\/index.php?rest_route=\/wp\/v2\/types\/product"}],"replies":[{"embeddable":true,"href":"http:\/\/svsul.com.br\/sv\/index.php?rest_route=%2Fwp%2Fv2%2Fcomments&post=162"}],"wp:featuredmedia":[{"embeddable":true,"href":"http:\/\/svsul.com.br\/sv\/index.php?rest_route=\/wp\/v2\/media\/163"}],"wp:attachment":[{"href":"http:\/\/svsul.com.br\/sv\/index.php?rest_route=%2Fwp%2Fv2%2Fmedia&parent=162"}],"wp:term":[{"taxonomy":"product_cat","embeddable":true,"href":"http:\/\/svsul.com.br\/sv\/index.php?rest_route=%2Fwp%2Fv2%2Fproduct_cat&post=162"},{"taxonomy":"product_tag","embeddable":true,"href":"http:\/\/svsul.com.br\/sv\/index.php?rest_route=%2Fwp%2Fv2%2Fproduct_tag&post=162"}],"curies":[{"name":"wp","href":"https:\/\/api.w.org\/{rel}","templated":true}]}}