{"id":165,"date":"2013-03-03T14:11:03","date_gmt":"2013-03-03T14:11:03","guid":{"rendered":"http:\/\/svsul.com.br\/sv\/?post_type=product&#038;p=165"},"modified":"2020-08-19T04:01:35","modified_gmt":"2020-08-19T04:01:35","slug":"a-trama-de-leviata","status":"publish","type":"product","link":"http:\/\/svsul.com.br\/sv\/?product=a-trama-de-leviata","title":{"rendered":"A TRAMA DE LEVIAT\u00c3"},"content":{"rendered":"<p>Lutar contra Leviat\u00e3 n\u00e3o \u00e9 p\u00e1reo para qualquer l\u00edder. \u00c9 necess\u00e1rio antes conhecer Leviat\u00e3, conhecer melhor a Deus. \u00c9 um conhecimento de descortinar mist\u00e9rios. Para entender os ataques desse terr\u00edvel monstro, \u00e9 preciso descobrir as armas que ele usa. Este livro vai ajud\u00e1-lo a abrir o entendimento para conhecer a atua\u00e7\u00e3o de Leviat\u00e3. Os C\u00e9us se abrir\u00e3o a seu favor, as tramas ser\u00e3o denunciadas, e sua qualidade de vida com Deus ter\u00e1 um outro n\u00edvel. Na verdade, ao ler este livro, voc\u00ea n\u00e3o entrar\u00e1 em guerra, voc\u00ea sair\u00e1 dela.<\/p>\n<p>Autor: Ren\u00ea Terra Nova &#8211; 203 p\u00e1ginas.<\/p>\n","protected":false},"excerpt":{"rendered":"<p>Lutar contra Leviat\u00e3 n\u00e3o \u00e9 par\u00e9o para qualquer l\u00edder. \u00c9 necess\u00e1rio antes conhecer Leviat\u00e3, conhecer melhor a Deus.<br \/>\nAutor: Ren\u00ea Terra Nova &#8211; 203 p\u00e1ginas<\/p>\n","protected":false},"featured_media":166,"comment_status":"open","ping_status":"closed","template":"","meta":[],"product_cat":[14,18],"product_tag":[59,42],"_links":{"self":[{"href":"http:\/\/svsul.com.br\/sv\/index.php?rest_route=\/wp\/v2\/product\/165"}],"collection":[{"href":"http:\/\/svsul.com.br\/sv\/index.php?rest_route=\/wp\/v2\/product"}],"about":[{"href":"http:\/\/svsul.com.br\/sv\/index.php?rest_route=\/wp\/v2\/types\/product"}],"replies":[{"embeddable":true,"href":"http:\/\/svsul.com.br\/sv\/index.php?rest_route=%2Fwp%2Fv2%2Fcomments&post=165"}],"wp:featuredmedia":[{"embeddable":true,"href":"http:\/\/svsul.com.br\/sv\/index.php?rest_route=\/wp\/v2\/media\/166"}],"wp:attachment":[{"href":"http:\/\/svsul.com.br\/sv\/index.php?rest_route=%2Fwp%2Fv2%2Fmedia&parent=165"}],"wp:term":[{"taxonomy":"product_cat","embeddable":true,"href":"http:\/\/svsul.com.br\/sv\/index.php?rest_route=%2Fwp%2Fv2%2Fproduct_cat&post=165"},{"taxonomy":"product_tag","embeddable":true,"href":"http:\/\/svsul.com.br\/sv\/index.php?rest_route=%2Fwp%2Fv2%2Fproduct_tag&post=165"}],"curies":[{"name":"wp","href":"https:\/\/api.w.org\/{rel}","templated":true}]}}