{"id":167,"date":"2013-03-03T14:12:37","date_gmt":"2013-03-03T14:12:37","guid":{"rendered":"http:\/\/svsul.com.br\/sv\/?post_type=product&#038;p=167"},"modified":"2023-01-17T13:20:02","modified_gmt":"2023-01-17T13:20:02","slug":"atos-profeticos","status":"publish","type":"product","link":"http:\/\/svsul.com.br\/sv\/?product=atos-profeticos","title":{"rendered":"ATOS PROF\u00c9TICOS"},"content":{"rendered":"<p>Um ato prof\u00e9tico \u00e9 uma express\u00e3o, uma atitude vis\u00edvel da Igreja que tem uma refer\u00eancia e um respaldo no mundo espiritual; \u00e9 uma mensagem enviada ao reino do esp\u00edrito qua ratifica a a\u00e7\u00e3o da f\u00e9 e da Palavra. ATOS PROF\u00c9TICOS: Comando de Deus ou inven\u00e7\u00e3o humana? &#8211; \u00e9 um desafio para o leitor, pois n\u00e3o o deixar\u00e1 mais ignorante acerca da batalha no mundo espiritual, e o ensinar\u00e1 como enviar mensagens para o reino do esp\u00edrito de forma respons\u00e1vel, b\u00edblica e, fundamentalmente, teol\u00f3gica.<\/p>\n<p>Autor: Ren\u00ea Terra Nova &#8211; 159 p\u00e1ginas.<\/p>\n","protected":false},"excerpt":{"rendered":"<p>ATOS PROF\u00c9TICOS \u00e9 um desafio para o leitor. Ensinar\u00e1 como enviar mensagens para o reino do esp\u00edrito de forma respons\u00e1vel, b\u00edblica e, fundamentalmente, teol\u00f3gica.\u00a0 Autor: Ren\u00ea Terra Nova &#8211; 159 p\u00e1ginas<\/p>\n","protected":false},"featured_media":168,"comment_status":"open","ping_status":"closed","template":"","meta":[],"product_cat":[14,18],"product_tag":[43,59],"_links":{"self":[{"href":"http:\/\/svsul.com.br\/sv\/index.php?rest_route=\/wp\/v2\/product\/167"}],"collection":[{"href":"http:\/\/svsul.com.br\/sv\/index.php?rest_route=\/wp\/v2\/product"}],"about":[{"href":"http:\/\/svsul.com.br\/sv\/index.php?rest_route=\/wp\/v2\/types\/product"}],"replies":[{"embeddable":true,"href":"http:\/\/svsul.com.br\/sv\/index.php?rest_route=%2Fwp%2Fv2%2Fcomments&post=167"}],"wp:featuredmedia":[{"embeddable":true,"href":"http:\/\/svsul.com.br\/sv\/index.php?rest_route=\/wp\/v2\/media\/168"}],"wp:attachment":[{"href":"http:\/\/svsul.com.br\/sv\/index.php?rest_route=%2Fwp%2Fv2%2Fmedia&parent=167"}],"wp:term":[{"taxonomy":"product_cat","embeddable":true,"href":"http:\/\/svsul.com.br\/sv\/index.php?rest_route=%2Fwp%2Fv2%2Fproduct_cat&post=167"},{"taxonomy":"product_tag","embeddable":true,"href":"http:\/\/svsul.com.br\/sv\/index.php?rest_route=%2Fwp%2Fv2%2Fproduct_tag&post=167"}],"curies":[{"name":"wp","href":"https:\/\/api.w.org\/{rel}","templated":true}]}}