{"id":169,"date":"2013-03-03T14:14:20","date_gmt":"2013-03-03T14:14:20","guid":{"rendered":"http:\/\/svsul.com.br\/sv\/?post_type=product&#038;p=169"},"modified":"2023-01-17T13:19:48","modified_gmt":"2023-01-17T13:19:48","slug":"babilonia-e-roma-a-diferenca-e-o-nome","status":"publish","type":"product","link":"http:\/\/svsul.com.br\/sv\/?product=babilonia-e-roma-a-diferenca-e-o-nome","title":{"rendered":"BABIL\u00d4NIA E ROMA &#8211; A DIFEREN\u00c7A \u00c9 O NOME"},"content":{"rendered":"<p>Este livro foi elaborado para edifica\u00e7\u00e3o de todos aqueles que desejam viver a plena e genu\u00edna vida crist\u00e3. O objetivo \u00e9 divulgar o esclarecimento acerca de algumas pr\u00e1ticas do meio crist\u00e3o que est\u00e3o ainda presas ao paganismo, atitudes inseridas em nossa cultura de tal forma que n\u00e3o questionamos sua origem ou raz\u00e3o de existir, praticando-as sem reflex\u00e3o alguma.<\/p>\n<p>Se passamos pelo milagre do novo nascimento, uma tradi\u00e7\u00e3o enferma n\u00e3o pode nos amarrar. O paganismo entrou na Igreja como sinal de alian\u00e7a, fragilizando a verdadeira alian\u00e7a com Jesus. O Natal hoje, \u00e9 apenas um culto comercial que rende muito dinheiro. Tudo \u00e9 motivo para grandes aquisi\u00e7\u00f5es, mas a exalta\u00e7\u00e3o ao Rei dos reis n\u00e3o existe.<\/p>\n<p>A Babil\u00f4nia de hoje \u00e9 f\u00edsica, \u00e9 um dom\u00ednio espiritual, um engano que tenta prender o povo de Deus na escurid\u00e3o do paganismo. Como venceremos? Pela Palavra, pelo Evangelho que nos foi dado, vivendo de acordo com os princ\u00edpios de Deus e voltando nossa f\u00e9 para a origem \u2013 Jerusal\u00e9m.<\/p>\n<p>Autor: Ren\u00ea Terra Nova &#8211; 109 p\u00e1ginas<\/p>\n","protected":false},"excerpt":{"rendered":"<p>Este livro foi elaborado para edifica\u00e7\u00e3o de todos aqueles que desejam viver a plena e genu\u00edna vida crist\u00e3. Autor: Ren\u00ea Terra Nova &#8211; 109 p\u00e1ginas<\/p>\n","protected":false},"featured_media":170,"comment_status":"open","ping_status":"closed","template":"","meta":[],"product_cat":[14,18],"product_tag":[44,59],"_links":{"self":[{"href":"http:\/\/svsul.com.br\/sv\/index.php?rest_route=\/wp\/v2\/product\/169"}],"collection":[{"href":"http:\/\/svsul.com.br\/sv\/index.php?rest_route=\/wp\/v2\/product"}],"about":[{"href":"http:\/\/svsul.com.br\/sv\/index.php?rest_route=\/wp\/v2\/types\/product"}],"replies":[{"embeddable":true,"href":"http:\/\/svsul.com.br\/sv\/index.php?rest_route=%2Fwp%2Fv2%2Fcomments&post=169"}],"wp:featuredmedia":[{"embeddable":true,"href":"http:\/\/svsul.com.br\/sv\/index.php?rest_route=\/wp\/v2\/media\/170"}],"wp:attachment":[{"href":"http:\/\/svsul.com.br\/sv\/index.php?rest_route=%2Fwp%2Fv2%2Fmedia&parent=169"}],"wp:term":[{"taxonomy":"product_cat","embeddable":true,"href":"http:\/\/svsul.com.br\/sv\/index.php?rest_route=%2Fwp%2Fv2%2Fproduct_cat&post=169"},{"taxonomy":"product_tag","embeddable":true,"href":"http:\/\/svsul.com.br\/sv\/index.php?rest_route=%2Fwp%2Fv2%2Fproduct_tag&post=169"}],"curies":[{"name":"wp","href":"https:\/\/api.w.org\/{rel}","templated":true}]}}