{"id":171,"date":"2013-03-03T14:15:38","date_gmt":"2013-03-03T14:15:38","guid":{"rendered":"http:\/\/svsul.com.br\/sv\/?post_type=product&#038;p=171"},"modified":"2023-01-17T13:19:31","modified_gmt":"2023-01-17T13:19:31","slug":"caminhando-por-principios-biblicos","status":"publish","type":"product","link":"http:\/\/svsul.com.br\/sv\/?product=caminhando-por-principios-biblicos","title":{"rendered":"CAMINHANDO POR PRINC\u00cdPIOS B\u00cdBLICOS"},"content":{"rendered":"<p>Deus estabeleceu para a humanidade um caminho que, em tudo, conduz ao \u00eaxito. Por\u00e9m, o homem deixou de obedecer aos princ\u00edpios, perdendo a autoridade que Deus havia lhe dado e deixando o humanismo entrar, dominar e exercer o governo. Hoje, a chamada divina \u00e9 para o retorno aos princ\u00edpios b\u00edblicos, ao caminho da eternidade, um caminho agrad\u00e1vel, apraz\u00edvel, pr\u00f3spero e sobremodo excelente de onde o homem nunca deveria ter sa\u00eddo.<\/p>\n<p>O resgate dos Princ\u00edpios B\u00edblicos nos leva a um confronto, pelo qual somos convidados a um estilo de vida que apenas os corajosos abra\u00e7ar\u00e3o. A carnalidade \u00e9 negadora dos princ\u00edpios eternos. Ela n\u00e3o assume que os Princ\u00edpios B\u00edblicos devem ser implantados. \u00c9 por isso que entramos em guerra para moldar o Car\u00e1ter. A B\u00edblia ensina que santidade \u00e9 imperativa e n\u00e3o optativa. Deus que \u00e9 Santo e Senhor dos princ\u00edpios, coloca a santidade como princ\u00edpio que deve ser almejado.<\/p>\n<p>Autor: Ren\u00ea Terra Nova &#8211; 189 p\u00e1ginas<\/p>\n","protected":false},"excerpt":{"rendered":"<p>O resgate dos Princ\u00edpios B\u00edblicos nos leva a um confronto, pelo qual somos convidados a um estilo de vida que apenas os corajosos abra\u00e7ar\u00e3o. A chamada divina \u00e9 para o retorno aos princ\u00edpios b\u00edblicos. Autor: Ren\u00ea Terra Nova &#8211; 189 p\u00e1ginas<\/p>\n","protected":false},"featured_media":172,"comment_status":"open","ping_status":"closed","template":"","meta":[],"product_cat":[14,18],"product_tag":[198],"_links":{"self":[{"href":"http:\/\/svsul.com.br\/sv\/index.php?rest_route=\/wp\/v2\/product\/171"}],"collection":[{"href":"http:\/\/svsul.com.br\/sv\/index.php?rest_route=\/wp\/v2\/product"}],"about":[{"href":"http:\/\/svsul.com.br\/sv\/index.php?rest_route=\/wp\/v2\/types\/product"}],"replies":[{"embeddable":true,"href":"http:\/\/svsul.com.br\/sv\/index.php?rest_route=%2Fwp%2Fv2%2Fcomments&post=171"}],"wp:featuredmedia":[{"embeddable":true,"href":"http:\/\/svsul.com.br\/sv\/index.php?rest_route=\/wp\/v2\/media\/172"}],"wp:attachment":[{"href":"http:\/\/svsul.com.br\/sv\/index.php?rest_route=%2Fwp%2Fv2%2Fmedia&parent=171"}],"wp:term":[{"taxonomy":"product_cat","embeddable":true,"href":"http:\/\/svsul.com.br\/sv\/index.php?rest_route=%2Fwp%2Fv2%2Fproduct_cat&post=171"},{"taxonomy":"product_tag","embeddable":true,"href":"http:\/\/svsul.com.br\/sv\/index.php?rest_route=%2Fwp%2Fv2%2Fproduct_tag&post=171"}],"curies":[{"name":"wp","href":"https:\/\/api.w.org\/{rel}","templated":true}]}}