{"id":1812,"date":"2018-01-29T17:25:55","date_gmt":"2018-01-29T17:25:55","guid":{"rendered":"http:\/\/svsul.com.br\/sv\/?product=ioudas-um-labirinto-na-alma-da-humanidade-rene-terra-nova"},"modified":"2021-12-07T14:39:38","modified_gmt":"2021-12-07T14:39:38","slug":"ioudas-um-labirinto-na-alma-da-humanidade-rene-terra-nova","status":"publish","type":"product","link":"http:\/\/svsul.com.br\/sv\/?product=ioudas-um-labirinto-na-alma-da-humanidade-rene-terra-nova","title":{"rendered":"Ioudas, um Labirinto na Alma da Humanidade &#8211; Ren\u00ea Terra Nova"},"content":{"rendered":"<p>Ioudas, um labirinto na alma da humanidade.<\/p>\n<p>Entrando no labirinto da alma, voc\u00ea descobrir\u00e1 que precisa raciocinar deveras para n\u00e3o ficar a maior parte da vida caminhando nos mesmos caminhos e se aprofundando em becos sem sa\u00edda, permanecendo com muitas inc\u00f3gnitas interiores.<br \/>\nEste livro \u00e9 um alerta para remover as s\u00edndromes que querem perverter seu car\u00e1ter e tir\u00e1-lo do foco. No final desta leitura, voc\u00ea tirar\u00e1 sua conclus\u00e3o, identificar\u00e1 a \u00e1rea da sua debilidade, e, com certeza, encontrar\u00e1 rem\u00e9dio para n\u00e3o reincidir nos erros comuns.<\/p>\n<p>&nbsp;<\/p>\n<p>Ap\u00f3stolo Ren\u00ea Terra Nova<\/p>\n","protected":false},"excerpt":{"rendered":"<p>Este livro \u00e9 um alerta para remover as s\u00edndromes que querem perverter seu car\u00e1ter e tir\u00e1-lo do foco. No final desta leitura, voc\u00ea tirar\u00e1 sua conclus\u00e3o, identificar\u00e1 a \u00e1rea da sua debilidade, e, com certeza, encontrar\u00e1 rem\u00e9dio para n\u00e3o reincidir nos erros comuns.<\/p>\n","protected":false},"featured_media":1297,"comment_status":"open","ping_status":"closed","template":"","meta":[],"product_cat":[14,18],"product_tag":[],"_links":{"self":[{"href":"http:\/\/svsul.com.br\/sv\/index.php?rest_route=\/wp\/v2\/product\/1812"}],"collection":[{"href":"http:\/\/svsul.com.br\/sv\/index.php?rest_route=\/wp\/v2\/product"}],"about":[{"href":"http:\/\/svsul.com.br\/sv\/index.php?rest_route=\/wp\/v2\/types\/product"}],"replies":[{"embeddable":true,"href":"http:\/\/svsul.com.br\/sv\/index.php?rest_route=%2Fwp%2Fv2%2Fcomments&post=1812"}],"wp:featuredmedia":[{"embeddable":true,"href":"http:\/\/svsul.com.br\/sv\/index.php?rest_route=\/wp\/v2\/media\/1297"}],"wp:attachment":[{"href":"http:\/\/svsul.com.br\/sv\/index.php?rest_route=%2Fwp%2Fv2%2Fmedia&parent=1812"}],"wp:term":[{"taxonomy":"product_cat","embeddable":true,"href":"http:\/\/svsul.com.br\/sv\/index.php?rest_route=%2Fwp%2Fv2%2Fproduct_cat&post=1812"},{"taxonomy":"product_tag","embeddable":true,"href":"http:\/\/svsul.com.br\/sv\/index.php?rest_route=%2Fwp%2Fv2%2Fproduct_tag&post=1812"}],"curies":[{"name":"wp","href":"https:\/\/api.w.org\/{rel}","templated":true}]}}