{"id":1815,"date":"2018-02-01T13:01:26","date_gmt":"2018-02-01T13:01:26","guid":{"rendered":"http:\/\/svsul.com.br\/sv\/?post_type=product&#038;p=1815"},"modified":"2019-01-29T15:51:17","modified_gmt":"2019-01-29T15:51:17","slug":"vencendo-as-crises-do-seculo-marita-terra-nova","status":"publish","type":"product","link":"http:\/\/svsul.com.br\/sv\/?product=vencendo-as-crises-do-seculo-marita-terra-nova","title":{"rendered":"VENCENDO AS CRISES DO S\u00c9CULO &#8211; MARITA TERRA NOVA"},"content":{"rendered":"<p>Seja qual for a crise conhecida ou desconhecida, revelada ou oculta, todas oportunizam uma mudan\u00e7a e uma solu\u00e7\u00e3o. Ap\u00f3s ler este livro, que \u00e9 um indicador de novos caminhos e uma porta de sa\u00edda para novos destinos, cremos que voc\u00ea n\u00e3o ser\u00e1 mais a mesma pessoa. A crise ser\u00e1 implodida e a perspectiva de uma vida nova ser\u00e1 manifestada. Estou cr\u00e9dula de que este livro ter\u00e1 duas fases: antes e depois desta leitura. Com certeza, voc\u00ea se encontrar\u00e1 em uma posi\u00e7\u00e3o de orienta\u00e7\u00e3o e chegar\u00e1 a um destino seguro e salutar.<\/p>\n","protected":false},"excerpt":{"rendered":"<p>Seja qual for a crise conhecida ou desconhecida, revelada ou oculta, todas oportunizam uma mudan\u00e7a e uma solu\u00e7\u00e3o. Ap\u00f3s ler este livro, que \u00e9 um indicador de novos caminhos e uma porta de sa\u00edda para novos destinos, cremos que voc\u00ea n\u00e3o ser\u00e1 mais a mesma pessoa. A crise ser\u00e1 implodida e a perspectiva de uma [&hellip;]<\/p>\n","protected":false},"featured_media":1816,"comment_status":"open","ping_status":"closed","template":"","meta":[],"product_cat":[14,18],"product_tag":[67,204,203],"_links":{"self":[{"href":"http:\/\/svsul.com.br\/sv\/index.php?rest_route=\/wp\/v2\/product\/1815"}],"collection":[{"href":"http:\/\/svsul.com.br\/sv\/index.php?rest_route=\/wp\/v2\/product"}],"about":[{"href":"http:\/\/svsul.com.br\/sv\/index.php?rest_route=\/wp\/v2\/types\/product"}],"replies":[{"embeddable":true,"href":"http:\/\/svsul.com.br\/sv\/index.php?rest_route=%2Fwp%2Fv2%2Fcomments&post=1815"}],"wp:featuredmedia":[{"embeddable":true,"href":"http:\/\/svsul.com.br\/sv\/index.php?rest_route=\/wp\/v2\/media\/1816"}],"wp:attachment":[{"href":"http:\/\/svsul.com.br\/sv\/index.php?rest_route=%2Fwp%2Fv2%2Fmedia&parent=1815"}],"wp:term":[{"taxonomy":"product_cat","embeddable":true,"href":"http:\/\/svsul.com.br\/sv\/index.php?rest_route=%2Fwp%2Fv2%2Fproduct_cat&post=1815"},{"taxonomy":"product_tag","embeddable":true,"href":"http:\/\/svsul.com.br\/sv\/index.php?rest_route=%2Fwp%2Fv2%2Fproduct_tag&post=1815"}],"curies":[{"name":"wp","href":"https:\/\/api.w.org\/{rel}","templated":true}]}}