{"id":1822,"date":"2018-02-01T13:29:46","date_gmt":"2018-02-01T13:29:46","guid":{"rendered":"http:\/\/svsul.com.br\/sv\/?post_type=product&#038;p=1822"},"modified":"2019-01-29T15:50:29","modified_gmt":"2019-01-29T15:50:29","slug":"tribunal-espiritual-divino-anselmo-vasconcelos","status":"publish","type":"product","link":"http:\/\/svsul.com.br\/sv\/?product=tribunal-espiritual-divino-anselmo-vasconcelos","title":{"rendered":"TRIBUNAL ESPIRITUAL DIVINO &#8211; ANSELMO VASCONCELOS"},"content":{"rendered":"<p>A experi\u00eancia vivida pelo Ap\u00f3stolo Anselmo Vasconcelos, quando recebeu um diagn\u00f3stico m\u00e9dico desanimador acerca do derrame sofrido no seu olho esquerdo, o fez mergulhar em Deus e na Sua Palavra em busca da vit\u00f3ria completa.<\/p>\n<p>Este livro \u00e9 relato deste testemunho de f\u00e9, perseveran\u00e7a e gratid\u00e3o a Deus pela forma como o Esp\u00edrito Santo o conduziu a entrar no Tribunal Divino, conquistando n\u00e3o apenas a cura f\u00edsica, mas a certeza de que a vida em abund\u00e2ncia prometida por Jesus est\u00e1 dispon\u00edvel para todos os dias de hoje.<\/p>\n","protected":false},"excerpt":{"rendered":"<p>A experi\u00eancia vivida pelo Ap\u00f3stolo Anselmo Vasconcelos, quando recebeu um diagn\u00f3stico m\u00e9dico desanimador acerca do derrame sofrido no seu olho esquerdo, o fez mergulhar em Deus e na Sua Palavra em busca da vit\u00f3ria completa. Este livro \u00e9 relato deste testemunho de f\u00e9, perseveran\u00e7a e gratid\u00e3o a Deus pela forma como o Esp\u00edrito Santo o [&hellip;]<\/p>\n","protected":false},"featured_media":1823,"comment_status":"open","ping_status":"closed","template":"","meta":[],"product_cat":[14,18],"product_tag":[210,209],"_links":{"self":[{"href":"http:\/\/svsul.com.br\/sv\/index.php?rest_route=\/wp\/v2\/product\/1822"}],"collection":[{"href":"http:\/\/svsul.com.br\/sv\/index.php?rest_route=\/wp\/v2\/product"}],"about":[{"href":"http:\/\/svsul.com.br\/sv\/index.php?rest_route=\/wp\/v2\/types\/product"}],"replies":[{"embeddable":true,"href":"http:\/\/svsul.com.br\/sv\/index.php?rest_route=%2Fwp%2Fv2%2Fcomments&post=1822"}],"wp:featuredmedia":[{"embeddable":true,"href":"http:\/\/svsul.com.br\/sv\/index.php?rest_route=\/wp\/v2\/media\/1823"}],"wp:attachment":[{"href":"http:\/\/svsul.com.br\/sv\/index.php?rest_route=%2Fwp%2Fv2%2Fmedia&parent=1822"}],"wp:term":[{"taxonomy":"product_cat","embeddable":true,"href":"http:\/\/svsul.com.br\/sv\/index.php?rest_route=%2Fwp%2Fv2%2Fproduct_cat&post=1822"},{"taxonomy":"product_tag","embeddable":true,"href":"http:\/\/svsul.com.br\/sv\/index.php?rest_route=%2Fwp%2Fv2%2Fproduct_tag&post=1822"}],"curies":[{"name":"wp","href":"https:\/\/api.w.org\/{rel}","templated":true}]}}