{"id":1824,"date":"2018-02-01T13:35:25","date_gmt":"2018-02-01T13:35:25","guid":{"rendered":"http:\/\/svsul.com.br\/sv\/?post_type=product&#038;p=1824"},"modified":"2019-01-29T15:50:12","modified_gmt":"2019-01-29T15:50:12","slug":"tribunais-divinos-arao-amazonas","status":"publish","type":"product","link":"http:\/\/svsul.com.br\/sv\/?product=tribunais-divinos-arao-amazonas","title":{"rendered":"TRIBUNAIS DIVINOS &#8211; AR\u00c3O AMAZONAS"},"content":{"rendered":"<p>Este livro n\u00e3o \u00e9 uma fonte\u00a0a\u00a0mais de informa\u00e7\u00f5es sobre os porqu\u00eas de nossas ora\u00e7\u00f5es n\u00e3o serem respondidas.<\/p>\n<p>Ele \u00e9 um manual b\u00e1sico de como reescrevemos nossa hist\u00f3ria de vida a partir de ora\u00e7\u00f5es respondidas, quando aprendermos a adentrar as Cortes Celestiais:<\/p>\n<p>&#8211; Levando nossas demandas ao juiz de toda Terra;<\/p>\n<p>&#8211; Apelando, de forma b\u00edblica e estrat\u00e9gica, para que os C\u00e9us detenham as acusa\u00e7\u00f5es do promotor inimigo de nossas almas, Satan\u00e1s;<\/p>\n<p>&#8211; Tendo Jesus como nosso Advogado, aquele que toma a nossa causa e pleiteia a nosso favor, concedendo-nos vit\u00f3rias.<\/p>\n","protected":false},"excerpt":{"rendered":"<p>Este livro n\u00e3o \u00e9 uma fonte\u00a0a\u00a0mais de informa\u00e7\u00f5es sobre os porqu\u00eas de nossas ora\u00e7\u00f5es n\u00e3o serem respondidas. Ele \u00e9 um manual b\u00e1sico de como reescrevemos nossa hist\u00f3ria de vida a partir de ora\u00e7\u00f5es respondidas, quando aprendermos a adentrar as Cortes Celestiais: &#8211; Levando nossas demandas ao juiz de toda Terra; &#8211; Apelando, de forma b\u00edblica [&hellip;]<\/p>\n","protected":false},"featured_media":1825,"comment_status":"open","ping_status":"closed","template":"","meta":[],"product_cat":[14,18],"product_tag":[164,211],"_links":{"self":[{"href":"http:\/\/svsul.com.br\/sv\/index.php?rest_route=\/wp\/v2\/product\/1824"}],"collection":[{"href":"http:\/\/svsul.com.br\/sv\/index.php?rest_route=\/wp\/v2\/product"}],"about":[{"href":"http:\/\/svsul.com.br\/sv\/index.php?rest_route=\/wp\/v2\/types\/product"}],"replies":[{"embeddable":true,"href":"http:\/\/svsul.com.br\/sv\/index.php?rest_route=%2Fwp%2Fv2%2Fcomments&post=1824"}],"wp:featuredmedia":[{"embeddable":true,"href":"http:\/\/svsul.com.br\/sv\/index.php?rest_route=\/wp\/v2\/media\/1825"}],"wp:attachment":[{"href":"http:\/\/svsul.com.br\/sv\/index.php?rest_route=%2Fwp%2Fv2%2Fmedia&parent=1824"}],"wp:term":[{"taxonomy":"product_cat","embeddable":true,"href":"http:\/\/svsul.com.br\/sv\/index.php?rest_route=%2Fwp%2Fv2%2Fproduct_cat&post=1824"},{"taxonomy":"product_tag","embeddable":true,"href":"http:\/\/svsul.com.br\/sv\/index.php?rest_route=%2Fwp%2Fv2%2Fproduct_tag&post=1824"}],"curies":[{"name":"wp","href":"https:\/\/api.w.org\/{rel}","templated":true}]}}