{"id":183,"date":"2013-03-03T14:29:15","date_gmt":"2013-03-03T14:29:15","guid":{"rendered":"http:\/\/svsul.com.br\/sv\/?post_type=product&#038;p=183"},"modified":"2023-01-17T13:19:17","modified_gmt":"2023-01-17T13:19:17","slug":"coracoes-convertidos-familias-curadas","status":"publish","type":"product","link":"http:\/\/svsul.com.br\/sv\/?product=coracoes-convertidos-familias-curadas","title":{"rendered":"CORA\u00c7\u00d5ES CONVERTIDOS, FAM\u00cdLIAS CURADAS"},"content":{"rendered":"<p>\u201cCora\u00e7\u00f5es Convertidos, Fam\u00edlias Curadas\u201d n\u00e3o \u00e9 um chamado a desculpar a mediocridade dos padr\u00f5es de uma sociedade decadente onde at\u00e9 muitos \u201cchamados crist\u00e3os\u201d se conformam com a derrota no lar. N\u00e3o \u00e9 um livro a mais a massagear ang\u00fastias de tristeza pela frustra\u00e7\u00e3o de um lar problem\u00e1tico. N\u00e3o \u00e9 um compendio de eufemismos despejados para aliviar momentaneamente a sua ansiedade ou disfar\u00e7ar sua dor.<br \/>\nEste livro \u00e9 um convite \u00e0 batalha pelos ideias que Deus de antem\u00e3o estabeleceu para sua vida. \u00c9 um desafio a todo ser humano que n\u00e3o quer ficar no vale do matrimonio falido, do lar desajustado. \u00c9 um bombardeio esclarecedor. \u00c9 porta aberta de b\u00ean\u00e7\u00e3os para todo aquele que aceita colocar em pratica o plano de Deus. \u00c9 o ensino da reconstru\u00e7\u00e3o e da reestrutura\u00e7\u00e3o da casa. \u00c9 o conselho de como transformar em LAR, no padr\u00e3o do Reino dos C\u00e9us.<\/p>\n<p>Autor: Ren\u00ea Terra Nova &#8211; 128 p\u00e1ginas<\/p>\n","protected":false},"excerpt":{"rendered":"<p>Este livro \u00e9 um convite \u00e0 batalha pelos ideias que Deus de antem\u00e3o estabeleceu para sua vida. \u00c9 um desafio a todo ser humano. \u00c9 porta aberta de b\u00ean\u00e7\u00e3os para todo aquele que aceita colocar em pratica o plano de Deus. Autor: Ren\u00ea Terra Nova &#8211; 128 p\u00e1ginas<\/p>\n","protected":false},"featured_media":184,"comment_status":"open","ping_status":"closed","template":"","meta":[],"product_cat":[14,18],"product_tag":[196,197,190,59],"_links":{"self":[{"href":"http:\/\/svsul.com.br\/sv\/index.php?rest_route=\/wp\/v2\/product\/183"}],"collection":[{"href":"http:\/\/svsul.com.br\/sv\/index.php?rest_route=\/wp\/v2\/product"}],"about":[{"href":"http:\/\/svsul.com.br\/sv\/index.php?rest_route=\/wp\/v2\/types\/product"}],"replies":[{"embeddable":true,"href":"http:\/\/svsul.com.br\/sv\/index.php?rest_route=%2Fwp%2Fv2%2Fcomments&post=183"}],"wp:featuredmedia":[{"embeddable":true,"href":"http:\/\/svsul.com.br\/sv\/index.php?rest_route=\/wp\/v2\/media\/184"}],"wp:attachment":[{"href":"http:\/\/svsul.com.br\/sv\/index.php?rest_route=%2Fwp%2Fv2%2Fmedia&parent=183"}],"wp:term":[{"taxonomy":"product_cat","embeddable":true,"href":"http:\/\/svsul.com.br\/sv\/index.php?rest_route=%2Fwp%2Fv2%2Fproduct_cat&post=183"},{"taxonomy":"product_tag","embeddable":true,"href":"http:\/\/svsul.com.br\/sv\/index.php?rest_route=%2Fwp%2Fv2%2Fproduct_tag&post=183"}],"curies":[{"name":"wp","href":"https:\/\/api.w.org\/{rel}","templated":true}]}}