{"id":1844,"date":"2018-02-01T16:45:09","date_gmt":"2018-02-01T16:45:09","guid":{"rendered":"http:\/\/svsul.com.br\/sv\/?post_type=product&#038;p=1844"},"modified":"2021-12-07T14:38:15","modified_gmt":"2021-12-07T14:38:15","slug":"tatuagem-e-piercing-e-de-deus","status":"publish","type":"product","link":"http:\/\/svsul.com.br\/sv\/?product=tatuagem-e-piercing-e-de-deus","title":{"rendered":"TATUAGEM E PIERCING \u00c9 DE DEUS?"},"content":{"rendered":"<p style=\"text-align: justify;margin: 0cm 0cm 15.0pt 0cm\"><span style=\"font-size: 10.5pt;font-family: 'Helvetica',sans-serif;color: #424242\">Esse sem sombra de duvidas \u00e9 o livro que aborda o assunto mais pol\u00eamico hoje abordado nas igrejas de todo o mundo. Aqui voc\u00ea poder\u00e1 tirar todas as duvidas que vem marretando a cabe\u00e7a de jovens, pais, lideres e pastores em rela\u00e7\u00e3o a pratica do &#8220;Body Modification&#8221;, um livro que com certeza vai trazer um grande confronto para os filhos de Deus e uma mudan\u00e7a radical de comportamento. O autor Cl\u00e1udio Brinco n\u00e3o s\u00f3 traz uma revela\u00e7\u00e3o pessoal, como um completo respaldo teol\u00f3gico para o assunto em quest\u00e3o.<\/span><\/p>\n<p style=\"text-align: justify;margin: 0cm 0cm 15.0pt 0cm\"><span style=\"font-size: 10.5pt;font-family: 'Helvetica',sans-serif;color: #424242\">Autor: Claudio Brinco<\/span><\/p>\n<p style=\"text-align: justify;margin: 0cm 0cm 15.0pt 0cm\"><span style=\"font-size: 10.5pt;font-family: 'Helvetica',sans-serif;color: #424242\">126 p\u00e1ginas<\/span><\/p>\n","protected":false},"excerpt":{"rendered":"<p>Esse sem sombra de duvidas \u00e9 o livro que aborda o assunto mais pol\u00eamico hoje abordado nas igrejas de todo o mundo. Aqui voc\u00ea poder\u00e1 tirar todas as duvidas que vem marretando a cabe\u00e7a de jovens, pais, lideres e pastores em rela\u00e7\u00e3o a pratica do &#8220;Body Modification&#8221;, um livro que com certeza vai trazer um [&hellip;]<\/p>\n","protected":false},"featured_media":1845,"comment_status":"open","ping_status":"closed","template":"","meta":[],"product_cat":[14],"product_tag":[216,215],"_links":{"self":[{"href":"http:\/\/svsul.com.br\/sv\/index.php?rest_route=\/wp\/v2\/product\/1844"}],"collection":[{"href":"http:\/\/svsul.com.br\/sv\/index.php?rest_route=\/wp\/v2\/product"}],"about":[{"href":"http:\/\/svsul.com.br\/sv\/index.php?rest_route=\/wp\/v2\/types\/product"}],"replies":[{"embeddable":true,"href":"http:\/\/svsul.com.br\/sv\/index.php?rest_route=%2Fwp%2Fv2%2Fcomments&post=1844"}],"wp:featuredmedia":[{"embeddable":true,"href":"http:\/\/svsul.com.br\/sv\/index.php?rest_route=\/wp\/v2\/media\/1845"}],"wp:attachment":[{"href":"http:\/\/svsul.com.br\/sv\/index.php?rest_route=%2Fwp%2Fv2%2Fmedia&parent=1844"}],"wp:term":[{"taxonomy":"product_cat","embeddable":true,"href":"http:\/\/svsul.com.br\/sv\/index.php?rest_route=%2Fwp%2Fv2%2Fproduct_cat&post=1844"},{"taxonomy":"product_tag","embeddable":true,"href":"http:\/\/svsul.com.br\/sv\/index.php?rest_route=%2Fwp%2Fv2%2Fproduct_tag&post=1844"}],"curies":[{"name":"wp","href":"https:\/\/api.w.org\/{rel}","templated":true}]}}