{"id":1851,"date":"2018-02-01T17:52:09","date_gmt":"2018-02-01T17:52:09","guid":{"rendered":"http:\/\/svsul.com.br\/sv\/?post_type=product&#038;p=1851"},"modified":"2019-01-29T15:45:23","modified_gmt":"2019-01-29T15:45:23","slug":"tecal-treinamento-e-capacitacao-de-lideres","status":"publish","type":"product","link":"http:\/\/svsul.com.br\/sv\/?product=tecal-treinamento-e-capacitacao-de-lideres","title":{"rendered":"TECAL &#8211; TREINAMENTO E CAPACITA\u00c7\u00c3O DE L\u00cdDERES"},"content":{"rendered":"<p>A forma\u00e7\u00e3o de um l\u00edder \u00e9 um processo que exige paci\u00eancia e muita dedica\u00e7\u00e3o. N\u00e3o se prepara um l\u00edder da noite para o dia, verdadeiros l\u00edderes s\u00e3o resultado da dedica\u00e7\u00e3o e investimento.<\/p>\n<p>Este livro \u00e9 um manual de treinamento para l\u00edderes de c\u00e9lulas. Um material simples, mas que tem um resultado fant\u00e1stico.<\/p>\n<p>\u00c9 necess\u00e1rio despertar a lideran\u00e7a nos disc\u00edpulos que nos acompanham, para que os mesmos descubram o grande potencial que ainda tem a ser desenvolvido, e o material que est\u00e1 em suas m\u00e3os \u00e9 uma ferramenta valiosa para que os novos l\u00edderes em potencial sejam preparados e venham dar valiosos frutos nesta \u00e1rdua batalha de conquistar vidas para o nosso Deus.<\/p>\n<p>&nbsp;<\/p>\n<p>159 P\u00e1ginas<\/p>\n","protected":false},"excerpt":{"rendered":"<p>A forma\u00e7\u00e3o de um l\u00edder \u00e9 um processo que exige paci\u00eancia e muita dedica\u00e7\u00e3o. N\u00e3o se prepara um l\u00edder da noite para o dia, verdadeiros l\u00edderes s\u00e3o resultado da dedica\u00e7\u00e3o e investimento. Este livro \u00e9 um manual de treinamento para l\u00edderes de c\u00e9lulas. Um material simples, mas que tem um resultado fant\u00e1stico. \u00c9 necess\u00e1rio despertar [&hellip;]<\/p>\n","protected":false},"featured_media":1852,"comment_status":"open","ping_status":"closed","template":"","meta":[],"product_cat":[14,18],"product_tag":[220,28,222],"_links":{"self":[{"href":"http:\/\/svsul.com.br\/sv\/index.php?rest_route=\/wp\/v2\/product\/1851"}],"collection":[{"href":"http:\/\/svsul.com.br\/sv\/index.php?rest_route=\/wp\/v2\/product"}],"about":[{"href":"http:\/\/svsul.com.br\/sv\/index.php?rest_route=\/wp\/v2\/types\/product"}],"replies":[{"embeddable":true,"href":"http:\/\/svsul.com.br\/sv\/index.php?rest_route=%2Fwp%2Fv2%2Fcomments&post=1851"}],"wp:featuredmedia":[{"embeddable":true,"href":"http:\/\/svsul.com.br\/sv\/index.php?rest_route=\/wp\/v2\/media\/1852"}],"wp:attachment":[{"href":"http:\/\/svsul.com.br\/sv\/index.php?rest_route=%2Fwp%2Fv2%2Fmedia&parent=1851"}],"wp:term":[{"taxonomy":"product_cat","embeddable":true,"href":"http:\/\/svsul.com.br\/sv\/index.php?rest_route=%2Fwp%2Fv2%2Fproduct_cat&post=1851"},{"taxonomy":"product_tag","embeddable":true,"href":"http:\/\/svsul.com.br\/sv\/index.php?rest_route=%2Fwp%2Fv2%2Fproduct_tag&post=1851"}],"curies":[{"name":"wp","href":"https:\/\/api.w.org\/{rel}","templated":true}]}}