{"id":1853,"date":"2018-02-01T20:02:57","date_gmt":"2018-02-01T20:02:57","guid":{"rendered":"http:\/\/svsul.com.br\/sv\/?post_type=product&#038;p=1853"},"modified":"2019-01-29T15:44:38","modified_gmt":"2019-01-29T15:44:38","slug":"12-uma-escolha-inteligente-canuto-couto","status":"publish","type":"product","link":"http:\/\/svsul.com.br\/sv\/?product=12-uma-escolha-inteligente-canuto-couto","title":{"rendered":"12 UMA ESCOLHA INTELIGENTE &#8211; CANUTO COUTO"},"content":{"rendered":"<p>12 uma escolha inteligente \u00e9 um livro que responder\u00e1 a perguntas simples, mas que estavam sem resposta por muito tempo. Alguns v\u00e3o ler estas p\u00e1ginas e dizer: esse assunto eu j\u00e1 sabia. Mas, na verdade, este livro n\u00e3o se trata de uma grande revela\u00e7\u00e3o, mas de verdades e princ\u00edpios que precisam ser praticados.<\/p>\n<p>170 P\u00e1ginas<\/p>\n","protected":false},"excerpt":{"rendered":"<p>12 uma escolha inteligente \u00e9 um livro que responder\u00e1 a perguntas simples, mas que estavam sem resposta por muito tempo. Alguns v\u00e3o ler estas p\u00e1ginas e dizer: esse assunto eu j\u00e1 sabia. Mas, na verdade, este livro n\u00e3o se trata de uma grande revela\u00e7\u00e3o, mas de verdades e princ\u00edpios que precisam ser praticados. 170 P\u00e1ginas<\/p>\n","protected":false},"featured_media":1854,"comment_status":"open","ping_status":"closed","template":"","meta":[],"product_cat":[14,18],"product_tag":[223,220],"_links":{"self":[{"href":"http:\/\/svsul.com.br\/sv\/index.php?rest_route=\/wp\/v2\/product\/1853"}],"collection":[{"href":"http:\/\/svsul.com.br\/sv\/index.php?rest_route=\/wp\/v2\/product"}],"about":[{"href":"http:\/\/svsul.com.br\/sv\/index.php?rest_route=\/wp\/v2\/types\/product"}],"replies":[{"embeddable":true,"href":"http:\/\/svsul.com.br\/sv\/index.php?rest_route=%2Fwp%2Fv2%2Fcomments&post=1853"}],"wp:featuredmedia":[{"embeddable":true,"href":"http:\/\/svsul.com.br\/sv\/index.php?rest_route=\/wp\/v2\/media\/1854"}],"wp:attachment":[{"href":"http:\/\/svsul.com.br\/sv\/index.php?rest_route=%2Fwp%2Fv2%2Fmedia&parent=1853"}],"wp:term":[{"taxonomy":"product_cat","embeddable":true,"href":"http:\/\/svsul.com.br\/sv\/index.php?rest_route=%2Fwp%2Fv2%2Fproduct_cat&post=1853"},{"taxonomy":"product_tag","embeddable":true,"href":"http:\/\/svsul.com.br\/sv\/index.php?rest_route=%2Fwp%2Fv2%2Fproduct_tag&post=1853"}],"curies":[{"name":"wp","href":"https:\/\/api.w.org\/{rel}","templated":true}]}}