{"id":1855,"date":"2018-02-22T20:52:52","date_gmt":"2018-02-22T20:52:52","guid":{"rendered":"http:\/\/svsul.com.br\/sv\/?post_type=product&#038;p=1855"},"modified":"2021-12-07T14:37:40","modified_gmt":"2021-12-07T14:37:40","slug":"cd-perto-do-seu-coracao-kayla-lopes","status":"publish","type":"product","link":"http:\/\/svsul.com.br\/sv\/?product=cd-perto-do-seu-coracao-kayla-lopes","title":{"rendered":"CD Perto do Seu Cora\u00e7\u00e3o &#8211; Kayla Lopes"},"content":{"rendered":"<p>CD Lan\u00e7amento da Pra. Kayla Lopes. Com 10 m\u00fasicas de excel\u00eancia para adorar ao Senhor<\/p>\n<p>Faixas:<\/p>\n<ol>\n<li>\u00a0Leva-me Senhor<\/li>\n<li>\u00a0Perto do seu cora\u00e7\u00e3o<\/li>\n<li>Chamo o teu nome<\/li>\n<li>Eu vou<\/li>\n<li>O teu amor \u00e9 real<\/li>\n<li>Tu me amas<\/li>\n<li>Ergo minha voz<\/li>\n<li>Eis-me aqui<\/li>\n<li>Sobre a rocha<\/li>\n<li>Deus lembrou de mim<\/li>\n<\/ol>\n<p>Ou\u00e7a a pr\u00e9via das m\u00fasicas no Spotify, Deezer, iTunes e Play M\u00fasica<\/p>\n","protected":false},"excerpt":{"rendered":"<p>CD Lan\u00e7amento da Pra. Kayla Lopes. Com 10 m\u00fasicas de excel\u00eancia para adorar ao Senhor Faixas: \u00a0Leva-me Senhor \u00a0Perto do seu cora\u00e7\u00e3o Chamo o teu nome Eu vou O teu amor \u00e9 real Tu me amas Ergo minha voz Eis-me aqui Sobre a rocha Deus lembrou de mim Ou\u00e7a a pr\u00e9via das m\u00fasicas no Spotify, [&hellip;]<\/p>\n","protected":false},"featured_media":1857,"comment_status":"open","ping_status":"closed","template":"","meta":[],"product_cat":[224],"product_tag":[225,226,227],"_links":{"self":[{"href":"http:\/\/svsul.com.br\/sv\/index.php?rest_route=\/wp\/v2\/product\/1855"}],"collection":[{"href":"http:\/\/svsul.com.br\/sv\/index.php?rest_route=\/wp\/v2\/product"}],"about":[{"href":"http:\/\/svsul.com.br\/sv\/index.php?rest_route=\/wp\/v2\/types\/product"}],"replies":[{"embeddable":true,"href":"http:\/\/svsul.com.br\/sv\/index.php?rest_route=%2Fwp%2Fv2%2Fcomments&post=1855"}],"wp:featuredmedia":[{"embeddable":true,"href":"http:\/\/svsul.com.br\/sv\/index.php?rest_route=\/wp\/v2\/media\/1857"}],"wp:attachment":[{"href":"http:\/\/svsul.com.br\/sv\/index.php?rest_route=%2Fwp%2Fv2%2Fmedia&parent=1855"}],"wp:term":[{"taxonomy":"product_cat","embeddable":true,"href":"http:\/\/svsul.com.br\/sv\/index.php?rest_route=%2Fwp%2Fv2%2Fproduct_cat&post=1855"},{"taxonomy":"product_tag","embeddable":true,"href":"http:\/\/svsul.com.br\/sv\/index.php?rest_route=%2Fwp%2Fv2%2Fproduct_tag&post=1855"}],"curies":[{"name":"wp","href":"https:\/\/api.w.org\/{rel}","templated":true}]}}