{"id":1860,"date":"2018-03-06T21:12:12","date_gmt":"2018-03-06T21:12:12","guid":{"rendered":"http:\/\/svsul.com.br\/sv\/?post_type=product&#038;p=1860"},"modified":"2019-01-29T15:44:27","modified_gmt":"2019-01-29T15:44:27","slug":"mulher-reformista-a-coluna-da-familia","status":"publish","type":"product","link":"http:\/\/svsul.com.br\/sv\/?product=mulher-reformista-a-coluna-da-familia","title":{"rendered":"MULHER REFORMISTA, A COLUNA DA FAM\u00cdLIA"},"content":{"rendered":"<div class=\"description user-content display-when-content-ready\">\n<p>Mulher reformista, a coluna da fam\u00edlia n\u00e3o \u00e9 apenas mais um livro sobre mulher ou para mulher, pois eu, com humildade e serenidade, tenho procurado viver e escrever o verdadeiro discurso b\u00edblico pelo qual Deus tem transformado a minha vida e a minha fam\u00edlia.<\/p>\n<p>A B\u00edblia \u00e9 repleta de hist\u00f3rias de mulheres que nos inspiram. Mulheres valorosas que fizeram diferen\u00e7a nas suas geografias e que foram colunas das suas fam\u00edlias, verdadeiras hero\u00ednas da f\u00e9, exemplos a serem seguidos. Mulheres que sempre ser\u00e3o nossos modelos, porque venceram na sua gera\u00e7\u00e3o e tiveram suas hist\u00f3rias registradas na Palavra pela forma digna com que se portaram. Nosso alvo \u00e9 seguir o exemplo dessas mulheres que nos inspiram, e ser, aqui na Terra, a express\u00e3o da gl\u00f3ria do Pai, sendo sustent\u00e1culos da nossa casa, como esposas, m\u00e3es, discipuladoras, disc\u00edpulas, amigas, servas e em tudo o que vier \u00e0 nossa m\u00e3o para fazer.<\/p>\n<p>A Palavra de Deus diz que toda a mulher s\u00e1bia edifica a sua casa. Quando diz toda, mostra que n\u00e3o h\u00e1 exce\u00e7\u00e3o. E al\u00e9m do texto de Prov\u00e9rbios 14:1, existem in\u00fameras passagens escritas para n\u00f3s, para o nosso ensino, edifica\u00e7\u00e3o e mudan\u00e7a de vida. Tudo o que precisamos para sermos s\u00e1bias, inteligentes e construtoras de uma fam\u00edlia firmada na Rocha, Jesus, est\u00e1 na B\u00edblia. \u00c9 chegado o tempo de sermos mulheres maduras, mulheres s\u00e1bias, mulheres com intelig\u00eancia emocional para sabermos tratar com todas as situa\u00e7\u00f5es, das mais simples \u00e0s mais complicadas. Deus conta com cada uma de n\u00f3s.<\/p>\n<\/div>\n","protected":false},"excerpt":{"rendered":"<p>Mulher reformista, a coluna da fam\u00edlia n\u00e3o \u00e9 apenas mais um livro sobre mulher ou para mulher, pois eu, com humildade e serenidade, tenho procurado viver e escrever o verdadeiro discurso b\u00edblico pelo qual Deus tem transformado a minha vida e a minha fam\u00edlia. A B\u00edblia \u00e9 repleta de hist\u00f3rias de mulheres que nos inspiram. [&hellip;]<\/p>\n","protected":false},"featured_media":1861,"comment_status":"open","ping_status":"closed","template":"","meta":[],"product_cat":[14,18],"product_tag":[156,230],"_links":{"self":[{"href":"http:\/\/svsul.com.br\/sv\/index.php?rest_route=\/wp\/v2\/product\/1860"}],"collection":[{"href":"http:\/\/svsul.com.br\/sv\/index.php?rest_route=\/wp\/v2\/product"}],"about":[{"href":"http:\/\/svsul.com.br\/sv\/index.php?rest_route=\/wp\/v2\/types\/product"}],"replies":[{"embeddable":true,"href":"http:\/\/svsul.com.br\/sv\/index.php?rest_route=%2Fwp%2Fv2%2Fcomments&post=1860"}],"wp:featuredmedia":[{"embeddable":true,"href":"http:\/\/svsul.com.br\/sv\/index.php?rest_route=\/wp\/v2\/media\/1861"}],"wp:attachment":[{"href":"http:\/\/svsul.com.br\/sv\/index.php?rest_route=%2Fwp%2Fv2%2Fmedia&parent=1860"}],"wp:term":[{"taxonomy":"product_cat","embeddable":true,"href":"http:\/\/svsul.com.br\/sv\/index.php?rest_route=%2Fwp%2Fv2%2Fproduct_cat&post=1860"},{"taxonomy":"product_tag","embeddable":true,"href":"http:\/\/svsul.com.br\/sv\/index.php?rest_route=%2Fwp%2Fv2%2Fproduct_tag&post=1860"}],"curies":[{"name":"wp","href":"https:\/\/api.w.org\/{rel}","templated":true}]}}