{"id":1862,"date":"2018-03-07T12:04:49","date_gmt":"2018-03-07T12:04:49","guid":{"rendered":"http:\/\/svsul.com.br\/sv\/?post_type=product&#038;p=1862"},"modified":"2021-12-07T14:37:27","modified_gmt":"2021-12-07T14:37:27","slug":"o-doador-de-ideias","status":"publish","type":"product","link":"http:\/\/svsul.com.br\/sv\/?product=o-doador-de-ideias","title":{"rendered":"O DOADOR DE IDEIAS"},"content":{"rendered":"<p class=\"p1\">A multiplica\u00e7\u00e3o das nossas ideias forma nossa gera\u00e7\u00e3o e ministra seguran\u00e7a aos descendentes. N\u00e3o existe forma de ser completo a n\u00e3o ser doando ideias e reproduzindo pensamentos novos. A forma mais honesta e menos ego\u00edsta de nos tornarmos eternizados \u00e9 doando nossa joia, as ideias mais relevantes que contribuem para um mundo mais compartilhado..<\/p>\n<p class=\"p1\">Homens que morrem cheios de ideias s\u00e3o cofres sem senha e celeiros de sementes infrut\u00edferas. Na vida, devemos descobrir o indiv\u00edduo que somos para cumprirmos destinos de dignidade. Por isso, n\u00e3o esconda suas sementes, seja um Doador de Ideias e seja um construtor do universo das mentes Brilhantes.<\/p>\n<p class=\"p1\">Autor: Ren\u00ea Terra Nova<\/p>\n<p class=\"p1\">196 p\u00e1ginas<\/p>\n","protected":false},"excerpt":{"rendered":"<p>A multiplica\u00e7\u00e3o das nossas ideias forma nossa gera\u00e7\u00e3o e ministra seguran\u00e7a aos descendentes. N\u00e3o existe forma de ser completo a n\u00e3o ser doando ideias e reproduzindo pensamentos novos. A forma mais honesta e menos ego\u00edsta de nos tornarmos eternizados \u00e9 doando nossa joia, as ideias mais relevantes que contribuem para um mundo mais compartilhado.. Homens [&hellip;]<\/p>\n","protected":false},"featured_media":1863,"comment_status":"open","ping_status":"closed","template":"","meta":[],"product_cat":[14,18],"product_tag":[231,59],"_links":{"self":[{"href":"http:\/\/svsul.com.br\/sv\/index.php?rest_route=\/wp\/v2\/product\/1862"}],"collection":[{"href":"http:\/\/svsul.com.br\/sv\/index.php?rest_route=\/wp\/v2\/product"}],"about":[{"href":"http:\/\/svsul.com.br\/sv\/index.php?rest_route=\/wp\/v2\/types\/product"}],"replies":[{"embeddable":true,"href":"http:\/\/svsul.com.br\/sv\/index.php?rest_route=%2Fwp%2Fv2%2Fcomments&post=1862"}],"wp:featuredmedia":[{"embeddable":true,"href":"http:\/\/svsul.com.br\/sv\/index.php?rest_route=\/wp\/v2\/media\/1863"}],"wp:attachment":[{"href":"http:\/\/svsul.com.br\/sv\/index.php?rest_route=%2Fwp%2Fv2%2Fmedia&parent=1862"}],"wp:term":[{"taxonomy":"product_cat","embeddable":true,"href":"http:\/\/svsul.com.br\/sv\/index.php?rest_route=%2Fwp%2Fv2%2Fproduct_cat&post=1862"},{"taxonomy":"product_tag","embeddable":true,"href":"http:\/\/svsul.com.br\/sv\/index.php?rest_route=%2Fwp%2Fv2%2Fproduct_tag&post=1862"}],"curies":[{"name":"wp","href":"https:\/\/api.w.org\/{rel}","templated":true}]}}