{"id":1864,"date":"2018-03-07T12:11:40","date_gmt":"2018-03-07T12:11:40","guid":{"rendered":"http:\/\/svsul.com.br\/sv\/?post_type=product&#038;p=1864"},"modified":"2021-12-07T14:37:15","modified_gmt":"2021-12-07T14:37:15","slug":"restaurando-o-altar-da-honra","status":"publish","type":"product","link":"http:\/\/svsul.com.br\/sv\/?product=restaurando-o-altar-da-honra","title":{"rendered":"RESTAURANDO O ALTAR DA HONRA"},"content":{"rendered":"<p class=\"p1\">O conte\u00fado deste livro \u00e9 hist\u00f3rico. A doutrina de Si\u00e3o est\u00e1 recheada em todo lugar, por\u00e9m existem muitas coisas que a Igreja de Jesus ignorava, pois muitos n\u00e3o tinham o conhecimento hist\u00f3rico e teol\u00f3gico sobre honra.<\/p>\n<p class=\"p2\">Insistimos por sete semin\u00e1rios espec\u00edficos com temas e estudos de base teol\u00f3gica, verdadeiras teses de conte\u00fado b\u00edblico, para que pud\u00e9ssemos nos mover com seguran\u00e7a a partir da doutrina de Si\u00e3o e restaurar os pilares do Altar que estava danificado.<\/p>\n<p class=\"p2\">Quais s\u00e3o esses pilares? Ser fiel a Deus, aos sacerdotes que Deus instituiu, \u00e0 Igreja local, \u00e0 doutrina de Jerusal\u00e9m, \u00e0 Palavra de Deus e doutrina de Jesus. Neste livro, voc\u00ea ser\u00e1 alimentado e entender\u00e1 que o princ\u00edpio da honra \u00e9 um clamor de restaura\u00e7\u00e3o, para que possamos navegar na verdade b\u00edblica.<\/p>\n<p class=\"p2\">Autor: Ren\u00ea Terra Nova<\/p>\n<p class=\"p2\">144 Paginas<\/p>\n","protected":false},"excerpt":{"rendered":"<p>O conte\u00fado deste livro \u00e9 hist\u00f3rico. A doutrina de Si\u00e3o est\u00e1 recheada em todo lugar, por\u00e9m existem muitas coisas que a Igreja de Jesus ignorava, pois muitos n\u00e3o tinham o conhecimento hist\u00f3rico e teol\u00f3gico sobre honra. Insistimos por sete semin\u00e1rios espec\u00edficos com temas e estudos de base teol\u00f3gica, verdadeiras teses de conte\u00fado b\u00edblico, para que [&hellip;]<\/p>\n","protected":false},"featured_media":1865,"comment_status":"open","ping_status":"closed","template":"","meta":[],"product_cat":[14],"product_tag":[41,59,232],"_links":{"self":[{"href":"http:\/\/svsul.com.br\/sv\/index.php?rest_route=\/wp\/v2\/product\/1864"}],"collection":[{"href":"http:\/\/svsul.com.br\/sv\/index.php?rest_route=\/wp\/v2\/product"}],"about":[{"href":"http:\/\/svsul.com.br\/sv\/index.php?rest_route=\/wp\/v2\/types\/product"}],"replies":[{"embeddable":true,"href":"http:\/\/svsul.com.br\/sv\/index.php?rest_route=%2Fwp%2Fv2%2Fcomments&post=1864"}],"wp:featuredmedia":[{"embeddable":true,"href":"http:\/\/svsul.com.br\/sv\/index.php?rest_route=\/wp\/v2\/media\/1865"}],"wp:attachment":[{"href":"http:\/\/svsul.com.br\/sv\/index.php?rest_route=%2Fwp%2Fv2%2Fmedia&parent=1864"}],"wp:term":[{"taxonomy":"product_cat","embeddable":true,"href":"http:\/\/svsul.com.br\/sv\/index.php?rest_route=%2Fwp%2Fv2%2Fproduct_cat&post=1864"},{"taxonomy":"product_tag","embeddable":true,"href":"http:\/\/svsul.com.br\/sv\/index.php?rest_route=%2Fwp%2Fv2%2Fproduct_tag&post=1864"}],"curies":[{"name":"wp","href":"https:\/\/api.w.org\/{rel}","templated":true}]}}