{"id":1866,"date":"2018-03-07T12:19:40","date_gmt":"2018-03-07T12:19:40","guid":{"rendered":"http:\/\/svsul.com.br\/sv\/?post_type=product&#038;p=1866"},"modified":"2021-12-07T14:36:47","modified_gmt":"2021-12-07T14:36:47","slug":"o-carater-do-servo","status":"publish","type":"product","link":"http:\/\/svsul.com.br\/sv\/?product=o-carater-do-servo","title":{"rendered":"O CAR\u00c1TER DO SERVO"},"content":{"rendered":"<p class=\"p1\">Ser\u00a0 servo \u00e9 bem maior do que qualquer outra coisa que se julgue relevante. Maior \u00e9 o que serve do que o que \u00e9 servido, palavras do Mestre Jesus. Acreditando nesta chamada, cremos que uma pessoa que se entrega ao servi\u00e7o nunca ser\u00e1 decepcionada. O servi\u00e7o \u00e9 um dom, que deve ser feito de forma esmerada. As pessoas que servem possuem o car\u00e1ter do Messias, Jesus.<\/p>\n<p class=\"p2\">Neste livro, voc\u00ea entender\u00e1 que quem serve ter\u00e1 diferencial e respeito consolidado, diferente daqueles que n\u00e3o servem. Ser servo, para os filhos de Deus, deve ser um prazer. Ele nos chamou para tal servi\u00e7o. Ent\u00e3o, o Nome d&#8217;Ele deve ser exaltado atrav\u00e9s de n\u00f3s. Nosso servi\u00e7o ao Senhor deve ser prestado com honra.<\/p>\n<p class=\"p1\">Isso tanto para Deus quanto para o pr\u00f3ximo, para aqueles a quem servimos.<\/p>\n<p class=\"p1\">Autor: Ren\u00ea Terra Nova<\/p>\n<p class=\"p1\">164 paginas<\/p>\n","protected":false},"excerpt":{"rendered":"<p>Ser\u00a0 servo \u00e9 bem maior do que qualquer outra coisa que se julgue relevante. Maior \u00e9 o que serve do que o que \u00e9 servido, palavras do Mestre Jesus. Acreditando nesta chamada, cremos que uma pessoa que se entrega ao servi\u00e7o nunca ser\u00e1 decepcionada. O servi\u00e7o \u00e9 um dom, que deve ser feito de forma [&hellip;]<\/p>\n","protected":false},"featured_media":1867,"comment_status":"open","ping_status":"closed","template":"","meta":[],"product_cat":[14,18],"product_tag":[234,59,233],"_links":{"self":[{"href":"http:\/\/svsul.com.br\/sv\/index.php?rest_route=\/wp\/v2\/product\/1866"}],"collection":[{"href":"http:\/\/svsul.com.br\/sv\/index.php?rest_route=\/wp\/v2\/product"}],"about":[{"href":"http:\/\/svsul.com.br\/sv\/index.php?rest_route=\/wp\/v2\/types\/product"}],"replies":[{"embeddable":true,"href":"http:\/\/svsul.com.br\/sv\/index.php?rest_route=%2Fwp%2Fv2%2Fcomments&post=1866"}],"wp:featuredmedia":[{"embeddable":true,"href":"http:\/\/svsul.com.br\/sv\/index.php?rest_route=\/wp\/v2\/media\/1867"}],"wp:attachment":[{"href":"http:\/\/svsul.com.br\/sv\/index.php?rest_route=%2Fwp%2Fv2%2Fmedia&parent=1866"}],"wp:term":[{"taxonomy":"product_cat","embeddable":true,"href":"http:\/\/svsul.com.br\/sv\/index.php?rest_route=%2Fwp%2Fv2%2Fproduct_cat&post=1866"},{"taxonomy":"product_tag","embeddable":true,"href":"http:\/\/svsul.com.br\/sv\/index.php?rest_route=%2Fwp%2Fv2%2Fproduct_tag&post=1866"}],"curies":[{"name":"wp","href":"https:\/\/api.w.org\/{rel}","templated":true}]}}