{"id":1868,"date":"2018-03-07T12:26:43","date_gmt":"2018-03-07T12:26:43","guid":{"rendered":"http:\/\/svsul.com.br\/sv\/?post_type=product&#038;p=1868"},"modified":"2021-12-07T14:37:02","modified_gmt":"2021-12-07T14:37:02","slug":"filho-legitimo","status":"publish","type":"product","link":"http:\/\/svsul.com.br\/sv\/?product=filho-legitimo","title":{"rendered":"FILHO LEG\u00cdTIMO"},"content":{"rendered":"<p class=\"p1\">Como verdadeiros filhos de Abra\u00e3o na semente da promessa, precisamos entender que, por causa de Jesus, podemos ser justificados e tornarmo-nos filhos leg\u00edtimos. As nossas convic\u00e7\u00f5es, desejos e anseios devem ser canalizados para a Cruz do Calv\u00e1rio, o sinal mais forte de alian\u00e7a que existe na B\u00edblia.<\/p>\n<p class=\"p1\">Este \u00e9 o tempo de nascer uma gera\u00e7\u00e3o de filhos leg\u00edtimos que sejam completamente alian\u00e7ados para que as motiva\u00e7\u00f5es n\u00e3o estejam equivocadas, mas na hora da guerra possam dizer: &#8216;Estou ao seu lado, meu pai&#8217;, assim como t\u00eam ouvido do pai: &#8216;Estou ao seu lado, meu filho&#8217;.<\/p>\n<p class=\"p1\">Autor: Ren\u00ea Terra Nova<\/p>\n<p class=\"p1\">240 paginas<\/p>\n","protected":false},"excerpt":{"rendered":"<p>Como verdadeiros filhos de Abra\u00e3o na semente da promessa, precisamos entender que, por causa de Jesus, podemos ser justificados e tornarmo-nos filhos leg\u00edtimos. As nossas convic\u00e7\u00f5es, desejos e anseios devem ser canalizados para a Cruz do Calv\u00e1rio, o sinal mais forte de alian\u00e7a que existe na B\u00edblia. Este \u00e9 o tempo de nascer uma gera\u00e7\u00e3o [&hellip;]<\/p>\n","protected":false},"featured_media":1869,"comment_status":"open","ping_status":"closed","template":"","meta":[],"product_cat":[14,18],"product_tag":[237,236,235,59],"_links":{"self":[{"href":"http:\/\/svsul.com.br\/sv\/index.php?rest_route=\/wp\/v2\/product\/1868"}],"collection":[{"href":"http:\/\/svsul.com.br\/sv\/index.php?rest_route=\/wp\/v2\/product"}],"about":[{"href":"http:\/\/svsul.com.br\/sv\/index.php?rest_route=\/wp\/v2\/types\/product"}],"replies":[{"embeddable":true,"href":"http:\/\/svsul.com.br\/sv\/index.php?rest_route=%2Fwp%2Fv2%2Fcomments&post=1868"}],"wp:featuredmedia":[{"embeddable":true,"href":"http:\/\/svsul.com.br\/sv\/index.php?rest_route=\/wp\/v2\/media\/1869"}],"wp:attachment":[{"href":"http:\/\/svsul.com.br\/sv\/index.php?rest_route=%2Fwp%2Fv2%2Fmedia&parent=1868"}],"wp:term":[{"taxonomy":"product_cat","embeddable":true,"href":"http:\/\/svsul.com.br\/sv\/index.php?rest_route=%2Fwp%2Fv2%2Fproduct_cat&post=1868"},{"taxonomy":"product_tag","embeddable":true,"href":"http:\/\/svsul.com.br\/sv\/index.php?rest_route=%2Fwp%2Fv2%2Fproduct_tag&post=1868"}],"curies":[{"name":"wp","href":"https:\/\/api.w.org\/{rel}","templated":true}]}}