{"id":1870,"date":"2018-03-07T12:30:48","date_gmt":"2018-03-07T12:30:48","guid":{"rendered":"http:\/\/svsul.com.br\/sv\/?post_type=product&#038;p=1870"},"modified":"2021-12-07T14:36:19","modified_gmt":"2021-12-07T14:36:19","slug":"restaurando-o-filho-legitimo","status":"publish","type":"product","link":"http:\/\/svsul.com.br\/sv\/?product=restaurando-o-filho-legitimo","title":{"rendered":"RESTAURANDO O FILHO LEG\u00cdTIMO"},"content":{"rendered":"<p>Neste livro, trataremos com propriedade sobre quem \u00e9 o pai e quem \u00e9 o filho, a posi\u00e7\u00e3o de cada um, como Jesus Se relacionava com o Pai e como o Pai Se relacionava com o Filho. Essa era de abusadores, tanto de um lado como do outro, est\u00e1 acabando, pois na era da informa\u00e7\u00e3o, n\u00e3o podemos ficar quietos diante de tantos desenfreios que cercam nossa sociedade e de tantos enfermos que abarrotam a Ecl\u00e9sia.<\/p>\n<p>Precisamos nos preparar, buscar informa\u00e7\u00f5es e agregar conhecimentos, para que n\u00e3o sejamos apanhados de surpresa nem deixemos que manipuladores, em nome de Deus e do Evangelho, invadam nossa privacidade de alma e transtornem nossos valores de car\u00e1ter.<\/p>\n<p>Autor: Ren\u00ea Terra Nova<\/p>\n","protected":false},"excerpt":{"rendered":"<p>Neste livro, trataremos com propriedade sobre quem \u00e9 o pai e quem \u00e9 o filho, a posi\u00e7\u00e3o de cada um, como Jesus Se relacionava com o Pai e como o Pai Se relacionava com o Filho. Essa era de abusadores, tanto de um lado como do outro, est\u00e1 acabando, pois na era da informa\u00e7\u00e3o, n\u00e3o [&hellip;]<\/p>\n","protected":false},"featured_media":1871,"comment_status":"open","ping_status":"closed","template":"","meta":[],"product_cat":[14,18],"product_tag":[236,235,59,238],"_links":{"self":[{"href":"http:\/\/svsul.com.br\/sv\/index.php?rest_route=\/wp\/v2\/product\/1870"}],"collection":[{"href":"http:\/\/svsul.com.br\/sv\/index.php?rest_route=\/wp\/v2\/product"}],"about":[{"href":"http:\/\/svsul.com.br\/sv\/index.php?rest_route=\/wp\/v2\/types\/product"}],"replies":[{"embeddable":true,"href":"http:\/\/svsul.com.br\/sv\/index.php?rest_route=%2Fwp%2Fv2%2Fcomments&post=1870"}],"wp:featuredmedia":[{"embeddable":true,"href":"http:\/\/svsul.com.br\/sv\/index.php?rest_route=\/wp\/v2\/media\/1871"}],"wp:attachment":[{"href":"http:\/\/svsul.com.br\/sv\/index.php?rest_route=%2Fwp%2Fv2%2Fmedia&parent=1870"}],"wp:term":[{"taxonomy":"product_cat","embeddable":true,"href":"http:\/\/svsul.com.br\/sv\/index.php?rest_route=%2Fwp%2Fv2%2Fproduct_cat&post=1870"},{"taxonomy":"product_tag","embeddable":true,"href":"http:\/\/svsul.com.br\/sv\/index.php?rest_route=%2Fwp%2Fv2%2Fproduct_tag&post=1870"}],"curies":[{"name":"wp","href":"https:\/\/api.w.org\/{rel}","templated":true}]}}