{"id":1872,"date":"2018-03-07T12:34:46","date_gmt":"2018-03-07T12:34:46","guid":{"rendered":"http:\/\/svsul.com.br\/sv\/?post_type=product&#038;p=1872"},"modified":"2021-12-07T14:36:36","modified_gmt":"2021-12-07T14:36:36","slug":"minha-casa-endereco-do-milagre","status":"publish","type":"product","link":"http:\/\/svsul.com.br\/sv\/?product=minha-casa-endereco-do-milagre","title":{"rendered":"MINHA CASA, ENDERE\u00c7O DO MILAGRE"},"content":{"rendered":"<p>Este livro mostrar\u00e1 a voc\u00ea que, independente das dificuldades encontradas, das derrotas vividas, muito maiores s\u00e3o as vit\u00f3rias somadas. E para que essas ben\u00e7\u00e3os sejam trazidas das regi\u00f5es celestiais para a Terra, voc\u00ea precisa entender a realidade do mundo espiritual, conhecer a dire\u00e7\u00e3o que Deus tem para a sua casa e dentro desse conhecimento, acordar do sono profundo e se posicionar, guerreando pela sua fam\u00edlia.<\/p>\n<p>Uma Fam\u00edlia que \u00e9 o endere\u00e7o dos milagres do Eterno precisa andar debaixo dos Princ\u00edpios B\u00edblicos, para conquistar a prosperidade e a vida em abund\u00e2ncia prometidas na Palavra. Assim, todos s\u00e3o consolidados nos realcionamentos familiares, vencem as guerras e fluem no amor do Pai, seguindo na proposta de mudan\u00e7a de mente e amplia\u00e7\u00e3o de novos territ\u00f3rios, de pais e filhos que n\u00e3o andam de acordo com os padr\u00f5es da Terra, mas seguem a dire\u00e7\u00e3o do C\u00e9u.<\/p>\n<p>&nbsp;<\/p>\n<p>Autor: Ren\u00ea Terra Nova<\/p>\n","protected":false},"excerpt":{"rendered":"<p>Este livro mostrar\u00e1 a voc\u00ea que, independente das dificuldades encontradas, das derrotas vividas, muito maiores s\u00e3o as vit\u00f3rias somadas. E para que essas ben\u00e7\u00e3os sejam trazidas das regi\u00f5es celestiais para a Terra, voc\u00ea precisa entender a realidade do mundo espiritual, conhecer a dire\u00e7\u00e3o que Deus tem para a sua casa e dentro desse conhecimento, acordar [&hellip;]<\/p>\n","protected":false},"featured_media":1873,"comment_status":"open","ping_status":"closed","template":"","meta":[],"product_cat":[14,18],"product_tag":[240,239,59],"_links":{"self":[{"href":"http:\/\/svsul.com.br\/sv\/index.php?rest_route=\/wp\/v2\/product\/1872"}],"collection":[{"href":"http:\/\/svsul.com.br\/sv\/index.php?rest_route=\/wp\/v2\/product"}],"about":[{"href":"http:\/\/svsul.com.br\/sv\/index.php?rest_route=\/wp\/v2\/types\/product"}],"replies":[{"embeddable":true,"href":"http:\/\/svsul.com.br\/sv\/index.php?rest_route=%2Fwp%2Fv2%2Fcomments&post=1872"}],"wp:featuredmedia":[{"embeddable":true,"href":"http:\/\/svsul.com.br\/sv\/index.php?rest_route=\/wp\/v2\/media\/1873"}],"wp:attachment":[{"href":"http:\/\/svsul.com.br\/sv\/index.php?rest_route=%2Fwp%2Fv2%2Fmedia&parent=1872"}],"wp:term":[{"taxonomy":"product_cat","embeddable":true,"href":"http:\/\/svsul.com.br\/sv\/index.php?rest_route=%2Fwp%2Fv2%2Fproduct_cat&post=1872"},{"taxonomy":"product_tag","embeddable":true,"href":"http:\/\/svsul.com.br\/sv\/index.php?rest_route=%2Fwp%2Fv2%2Fproduct_tag&post=1872"}],"curies":[{"name":"wp","href":"https:\/\/api.w.org\/{rel}","templated":true}]}}