{"id":1878,"date":"2018-03-07T12:50:42","date_gmt":"2018-03-07T12:50:42","guid":{"rendered":"http:\/\/svsul.com.br\/sv\/?post_type=product&#038;p=1878"},"modified":"2021-12-07T14:35:41","modified_gmt":"2021-12-07T14:35:41","slug":"reforma","status":"publish","type":"product","link":"http:\/\/svsul.com.br\/sv\/?product=reforma","title":{"rendered":"REFORMA"},"content":{"rendered":"<p>A mente de um reformista \u00e9 uma mente de tesouros. Vamos encontrar em muitos territ\u00f3rios nacionais e internacionais homens reformados, valentes, ousados, destemidos que n\u00e3o negociar\u00e3o a convic\u00e7\u00e3o e estar\u00e3o sempre abertos para\u00a0o novo.<\/p>\n<p>Este livro \u00e9 um indicador de caminhos que nos far\u00e1 regressar a veredas antigas para o bem de n\u00f3s mesmos, da nossa fam\u00edlia e da sociedade, que grita por uma mudan\u00e7a. Nunca se ouviu tantos gritos opressores em avenidas solit\u00e1rias, faltosas de uma voz de consci\u00eancia que possa interpretar a dor da humanidade.<\/p>\n","protected":false},"excerpt":{"rendered":"<p>A mente de um reformista \u00e9 uma mente de tesouros. Vamos encontrar em muitos territ\u00f3rios nacionais e internacionais homens reformados, valentes, ousados, destemidos que n\u00e3o negociar\u00e3o a convic\u00e7\u00e3o e estar\u00e3o sempre abertos para\u00a0o novo. Este livro \u00e9 um indicador de caminhos que nos far\u00e1 regressar a veredas antigas para o bem de n\u00f3s mesmos, da [&hellip;]<\/p>\n","protected":false},"featured_media":1879,"comment_status":"open","ping_status":"closed","template":"","meta":[],"product_cat":[14,18],"product_tag":[244,59],"_links":{"self":[{"href":"http:\/\/svsul.com.br\/sv\/index.php?rest_route=\/wp\/v2\/product\/1878"}],"collection":[{"href":"http:\/\/svsul.com.br\/sv\/index.php?rest_route=\/wp\/v2\/product"}],"about":[{"href":"http:\/\/svsul.com.br\/sv\/index.php?rest_route=\/wp\/v2\/types\/product"}],"replies":[{"embeddable":true,"href":"http:\/\/svsul.com.br\/sv\/index.php?rest_route=%2Fwp%2Fv2%2Fcomments&post=1878"}],"wp:featuredmedia":[{"embeddable":true,"href":"http:\/\/svsul.com.br\/sv\/index.php?rest_route=\/wp\/v2\/media\/1879"}],"wp:attachment":[{"href":"http:\/\/svsul.com.br\/sv\/index.php?rest_route=%2Fwp%2Fv2%2Fmedia&parent=1878"}],"wp:term":[{"taxonomy":"product_cat","embeddable":true,"href":"http:\/\/svsul.com.br\/sv\/index.php?rest_route=%2Fwp%2Fv2%2Fproduct_cat&post=1878"},{"taxonomy":"product_tag","embeddable":true,"href":"http:\/\/svsul.com.br\/sv\/index.php?rest_route=%2Fwp%2Fv2%2Fproduct_tag&post=1878"}],"curies":[{"name":"wp","href":"https:\/\/api.w.org\/{rel}","templated":true}]}}