{"id":1880,"date":"2018-03-07T12:55:14","date_gmt":"2018-03-07T12:55:14","guid":{"rendered":"http:\/\/svsul.com.br\/sv\/?post_type=product&#038;p=1880"},"modified":"2021-12-07T14:35:56","modified_gmt":"2021-12-07T14:35:56","slug":"sou-chefe-de-mim-mesmo","status":"publish","type":"product","link":"http:\/\/svsul.com.br\/sv\/?product=sou-chefe-de-mim-mesmo","title":{"rendered":"SOU CHEFE DE MIM MESMO"},"content":{"rendered":"<p>Sou chefe de mim mesmo \u00e9 um livro de motiva\u00e7\u00e3o, autoajuda e dire\u00e7\u00e3o, que ensinar\u00e1 voc\u00ea a ter foco, fazer um planejamento e agir de forma eficaz para ver seus sonhos realizados um a um.<br \/>\nA cada leitura, voc\u00ea descobrir\u00e1 que \u00e9 poss\u00edvel vencer cren\u00e7as limitantes e mudar sua cultura. E entender\u00e1 que ao mudar sua cultura, voc\u00ea muda sua mente, seus h\u00e1bitos e conquistas, de uma forma inimagin\u00e1vel, o sucesso.<br \/>\nBem-vindo ao novo tempo, ao melhor tempo da sua vida! Voc\u00ea pode!<\/p>\n<p>&#8220;Sem perder a vis\u00e3o correta da hierarquia e guardando o princ\u00edpio da Honra&#8221;.<\/p>\n<p>&nbsp;<\/p>\n","protected":false},"excerpt":{"rendered":"<p>Sou chefe de mim mesmo \u00e9 um livro de motiva\u00e7\u00e3o, autoajuda e dire\u00e7\u00e3o, que ensinar\u00e1 voc\u00ea a ter foco, fazer um planejamento e agir de forma eficaz para ver seus sonhos realizados um a um. A cada leitura, voc\u00ea descobrir\u00e1 que \u00e9 poss\u00edvel vencer cren\u00e7as limitantes e mudar sua cultura. E entender\u00e1 que ao mudar [&hellip;]<\/p>\n","protected":false},"featured_media":1881,"comment_status":"open","ping_status":"closed","template":"","meta":[],"product_cat":[14,18],"product_tag":[245,59,246],"_links":{"self":[{"href":"http:\/\/svsul.com.br\/sv\/index.php?rest_route=\/wp\/v2\/product\/1880"}],"collection":[{"href":"http:\/\/svsul.com.br\/sv\/index.php?rest_route=\/wp\/v2\/product"}],"about":[{"href":"http:\/\/svsul.com.br\/sv\/index.php?rest_route=\/wp\/v2\/types\/product"}],"replies":[{"embeddable":true,"href":"http:\/\/svsul.com.br\/sv\/index.php?rest_route=%2Fwp%2Fv2%2Fcomments&post=1880"}],"wp:featuredmedia":[{"embeddable":true,"href":"http:\/\/svsul.com.br\/sv\/index.php?rest_route=\/wp\/v2\/media\/1881"}],"wp:attachment":[{"href":"http:\/\/svsul.com.br\/sv\/index.php?rest_route=%2Fwp%2Fv2%2Fmedia&parent=1880"}],"wp:term":[{"taxonomy":"product_cat","embeddable":true,"href":"http:\/\/svsul.com.br\/sv\/index.php?rest_route=%2Fwp%2Fv2%2Fproduct_cat&post=1880"},{"taxonomy":"product_tag","embeddable":true,"href":"http:\/\/svsul.com.br\/sv\/index.php?rest_route=%2Fwp%2Fv2%2Fproduct_tag&post=1880"}],"curies":[{"name":"wp","href":"https:\/\/api.w.org\/{rel}","templated":true}]}}