{"id":1883,"date":"2018-03-07T13:01:41","date_gmt":"2018-03-07T13:01:41","guid":{"rendered":"http:\/\/svsul.com.br\/sv\/?post_type=product&#038;p=1883"},"modified":"2019-01-29T15:39:05","modified_gmt":"2019-01-29T15:39:05","slug":"familia-base-da-honra","status":"publish","type":"product","link":"http:\/\/svsul.com.br\/sv\/?product=familia-base-da-honra","title":{"rendered":"FAM\u00cdLIA &#8211; BASE DA HONRA"},"content":{"rendered":"<div class=\"description user-content display-when-content-ready\">\n<p>O lugar mais solene do planeta \u00e9 o lar, \u00e9 a sua casa. Sem as Fam\u00edlias, a Terra perde o sentido e o Planeta morre, vira territ\u00f3rio de animais e n\u00e3o serve para mais nada.<\/p>\n<p>Como fam\u00edlias benditas do Senhor, precisamos nos alinhar ao prop\u00f3sito dEle para vivermos a vida abundante que a Palavra tem para n\u00f3s. A faml\u00eda \u00e9 um territ\u00f3rio sagrado, no qual podemos ver que Deus Se revela aos Seus filhos, e Seus filhos se revelam a Deus. H\u00e1 uma cumplicidade divina quando fam\u00edlia e Criador interagem, porque al\u00e9m da presen\u00e7a do Senhor trazer paz, os milagres s\u00e3o consolidados. Sobre uma fam\u00edlia que possui a consci\u00eancia do papel prof\u00e9tico familiar, nunca falta a libera\u00e7\u00e3o do sobrenatural no seu territ\u00f3rio.<\/p>\n<p>Existem fam\u00edlias que n\u00e3o vivem mais um plano para estabelecer prop\u00f3sitos; vivem como estranhos. \u00c9 chegado o tempo de voltar a crer na promessa de que sua fam\u00edlia \u00e9 aben\u00e7oada. Sua fam\u00edlia foi gerada para este prop\u00f3sito: viver honra a Deus.<\/p>\n<p>&nbsp;<\/p>\n<p>Ren\u00ea Terra Nova<\/p>\n<p>160 P\u00e1ginas<\/p>\n<\/div>\n","protected":false},"excerpt":{"rendered":"<p>O lugar mais solene do planeta \u00e9 o lar, \u00e9 a sua casa. Sem as Fam\u00edlias, a Terra perde o sentido e o Planeta morre, vira territ\u00f3rio de animais e n\u00e3o serve para mais nada. Como fam\u00edlias benditas do Senhor, precisamos nos alinhar ao prop\u00f3sito dEle para vivermos a vida abundante que a Palavra tem [&hellip;]<\/p>\n","protected":false},"featured_media":1884,"comment_status":"open","ping_status":"closed","template":"","meta":[],"product_cat":[14],"product_tag":[247,190,41,59],"_links":{"self":[{"href":"http:\/\/svsul.com.br\/sv\/index.php?rest_route=\/wp\/v2\/product\/1883"}],"collection":[{"href":"http:\/\/svsul.com.br\/sv\/index.php?rest_route=\/wp\/v2\/product"}],"about":[{"href":"http:\/\/svsul.com.br\/sv\/index.php?rest_route=\/wp\/v2\/types\/product"}],"replies":[{"embeddable":true,"href":"http:\/\/svsul.com.br\/sv\/index.php?rest_route=%2Fwp%2Fv2%2Fcomments&post=1883"}],"wp:featuredmedia":[{"embeddable":true,"href":"http:\/\/svsul.com.br\/sv\/index.php?rest_route=\/wp\/v2\/media\/1884"}],"wp:attachment":[{"href":"http:\/\/svsul.com.br\/sv\/index.php?rest_route=%2Fwp%2Fv2%2Fmedia&parent=1883"}],"wp:term":[{"taxonomy":"product_cat","embeddable":true,"href":"http:\/\/svsul.com.br\/sv\/index.php?rest_route=%2Fwp%2Fv2%2Fproduct_cat&post=1883"},{"taxonomy":"product_tag","embeddable":true,"href":"http:\/\/svsul.com.br\/sv\/index.php?rest_route=%2Fwp%2Fv2%2Fproduct_tag&post=1883"}],"curies":[{"name":"wp","href":"https:\/\/api.w.org\/{rel}","templated":true}]}}