{"id":1885,"date":"2018-03-07T13:14:16","date_gmt":"2018-03-07T13:14:16","guid":{"rendered":"http:\/\/svsul.com.br\/sv\/?post_type=product&#038;p=1885"},"modified":"2021-12-07T14:35:31","modified_gmt":"2021-12-07T14:35:31","slug":"apostila-o-mover-nas-casas-o-dna-das-celulas","status":"publish","type":"product","link":"http:\/\/svsul.com.br\/sv\/?product=apostila-o-mover-nas-casas-o-dna-das-celulas","title":{"rendered":"APOSTILA &#8211; O MOVER NAS CASAS, O DNA DAS C\u00c9LULAS"},"content":{"rendered":"<p>Esta apostila foi elaborada com muito carinho para produzir um efeito avassalador na sua vida.<\/p>\n<p>Quando entendemos o Mover nas Casas, algo especial se manifesta: a Salva\u00e7\u00e3o da Fam\u00edlia.<\/p>\n<p>A Vis\u00e3o amadureceu e chegou o momento de sermos ampliados como l\u00edderes maduros, utilizando ferramentas e criatividade para o avan\u00e7o do Reino, dentro dos princ\u00edpios, sem perder a ess\u00eania.<\/p>\n<p>S\u00e3o 9 estudos com din\u00e2micas para l\u00edderes, baseados em textos B\u00edblicos, para fortalecimento e renova\u00e7\u00e3o de fam\u00edlias e minist\u00e9rios.<\/p>\n","protected":false},"excerpt":{"rendered":"<p>Esta apostila foi elaborada com muito carinho para produzir um efeito avassalador na sua vida. Quando entendemos o Mover nas Casas, algo especial se manifesta: a Salva\u00e7\u00e3o da Fam\u00edlia. A Vis\u00e3o amadureceu e chegou o momento de sermos ampliados como l\u00edderes maduros, utilizando ferramentas e criatividade para o avan\u00e7o do Reino, dentro dos princ\u00edpios, sem [&hellip;]<\/p>\n","protected":false},"featured_media":1886,"comment_status":"open","ping_status":"closed","template":"","meta":[],"product_cat":[14],"product_tag":[249,248,59],"_links":{"self":[{"href":"http:\/\/svsul.com.br\/sv\/index.php?rest_route=\/wp\/v2\/product\/1885"}],"collection":[{"href":"http:\/\/svsul.com.br\/sv\/index.php?rest_route=\/wp\/v2\/product"}],"about":[{"href":"http:\/\/svsul.com.br\/sv\/index.php?rest_route=\/wp\/v2\/types\/product"}],"replies":[{"embeddable":true,"href":"http:\/\/svsul.com.br\/sv\/index.php?rest_route=%2Fwp%2Fv2%2Fcomments&post=1885"}],"wp:featuredmedia":[{"embeddable":true,"href":"http:\/\/svsul.com.br\/sv\/index.php?rest_route=\/wp\/v2\/media\/1886"}],"wp:attachment":[{"href":"http:\/\/svsul.com.br\/sv\/index.php?rest_route=%2Fwp%2Fv2%2Fmedia&parent=1885"}],"wp:term":[{"taxonomy":"product_cat","embeddable":true,"href":"http:\/\/svsul.com.br\/sv\/index.php?rest_route=%2Fwp%2Fv2%2Fproduct_cat&post=1885"},{"taxonomy":"product_tag","embeddable":true,"href":"http:\/\/svsul.com.br\/sv\/index.php?rest_route=%2Fwp%2Fv2%2Fproduct_tag&post=1885"}],"curies":[{"name":"wp","href":"https:\/\/api.w.org\/{rel}","templated":true}]}}