{"id":1888,"date":"2018-03-07T13:27:37","date_gmt":"2018-03-07T13:27:37","guid":{"rendered":"http:\/\/svsul.com.br\/sv\/?post_type=product&#038;p=1888"},"modified":"2019-01-29T15:34:54","modified_gmt":"2019-01-29T15:34:54","slug":"o-meu-evangelho","status":"publish","type":"product","link":"http:\/\/svsul.com.br\/sv\/?product=o-meu-evangelho","title":{"rendered":"O MEU EVANGELHO"},"content":{"rendered":"<div data-block=\"true\" data-editor=\"4g3o3\" data-offset-key=\"9o4el-0-0\">\n<div data-offset-key=\"9o4el-0-0\">A proposta deste livro \u00e9 promover o crescimento do Reino de Deus, atrav\u00e9s de um Evangelho simples e puro, o Evangelho Apost\u00f3lico da Igreja Primitiva.<\/div>\n<\/div>\n<div data-block=\"true\" data-editor=\"4g3o3\" data-offset-key=\"56iur-0-0\">\n<div data-offset-key=\"56iur-0-0\"><\/div>\n<\/div>\n<div data-block=\"true\" data-editor=\"4g3o3\" data-offset-key=\"4nn3v-0-0\">\n<div data-offset-key=\"4nn3v-0-0\">&#8220;O Meu Evangelho&#8221; \u00e9 um livro que proporciona a voc\u00ea o despertar para uma vida mais pr\u00f3xima do Criador.<\/div>\n<div data-offset-key=\"4nn3v-0-0\"><\/div>\n<div data-offset-key=\"4nn3v-0-0\">&#8220;S\u00e9rie TECAL: Treinamento e Capacita\u00e7\u00e3o do Lider &#8211; Ap. Canuto Couto&#8221;<\/div>\n<\/div>\n","protected":false},"excerpt":{"rendered":"<p>A proposta deste livro \u00e9 promover o crescimento do Reino de Deus, atrav\u00e9s de um Evangelho simples e puro, o Evangelho Apost\u00f3lico da Igreja Primitiva. &#8220;O Meu Evangelho&#8221; \u00e9 um livro que proporciona a voc\u00ea o despertar para uma vida mais pr\u00f3xima do Criador. &#8220;S\u00e9rie TECAL: Treinamento e Capacita\u00e7\u00e3o do Lider &#8211; Ap. Canuto Couto&#8221;<\/p>\n","protected":false},"featured_media":1889,"comment_status":"open","ping_status":"closed","template":"","meta":[],"product_cat":[14,18],"product_tag":[220,250,251],"_links":{"self":[{"href":"http:\/\/svsul.com.br\/sv\/index.php?rest_route=\/wp\/v2\/product\/1888"}],"collection":[{"href":"http:\/\/svsul.com.br\/sv\/index.php?rest_route=\/wp\/v2\/product"}],"about":[{"href":"http:\/\/svsul.com.br\/sv\/index.php?rest_route=\/wp\/v2\/types\/product"}],"replies":[{"embeddable":true,"href":"http:\/\/svsul.com.br\/sv\/index.php?rest_route=%2Fwp%2Fv2%2Fcomments&post=1888"}],"wp:featuredmedia":[{"embeddable":true,"href":"http:\/\/svsul.com.br\/sv\/index.php?rest_route=\/wp\/v2\/media\/1889"}],"wp:attachment":[{"href":"http:\/\/svsul.com.br\/sv\/index.php?rest_route=%2Fwp%2Fv2%2Fmedia&parent=1888"}],"wp:term":[{"taxonomy":"product_cat","embeddable":true,"href":"http:\/\/svsul.com.br\/sv\/index.php?rest_route=%2Fwp%2Fv2%2Fproduct_cat&post=1888"},{"taxonomy":"product_tag","embeddable":true,"href":"http:\/\/svsul.com.br\/sv\/index.php?rest_route=%2Fwp%2Fv2%2Fproduct_tag&post=1888"}],"curies":[{"name":"wp","href":"https:\/\/api.w.org\/{rel}","templated":true}]}}