{"id":1890,"date":"2018-03-07T13:31:56","date_gmt":"2018-03-07T13:31:56","guid":{"rendered":"http:\/\/svsul.com.br\/sv\/?post_type=product&#038;p=1890"},"modified":"2021-12-07T14:35:19","modified_gmt":"2021-12-07T14:35:19","slug":"unidade-a-chave-para-grandes-conquistas","status":"publish","type":"product","link":"http:\/\/svsul.com.br\/sv\/?product=unidade-a-chave-para-grandes-conquistas","title":{"rendered":"UNIDADE &#8211; A CHAVE PARA GRANDES CONQUISTAS"},"content":{"rendered":"<p>Este livro do Ap. Renan Siqueira, &#8220;Unidade a chave para grandes conquistas&#8221;, apresenta um estudo\u00a0extraordin\u00e1rio acerca deste tema de fundamental import\u00e2ncia que \u00e9 a unidade. No decorrer da leitura voc\u00ea vai entender que foi criado por Deus para cumprir um princ\u00edpio, voc\u00ea nasceu para fazer algo para tua gera\u00e7\u00e3o. Prop\u00f3sito \u00e9 a raz\u00e3o porque voc\u00ea nasceu. Vis\u00e3o \u00e9 quando voc\u00ea v\u00ea tal coisa. O maior dom que Deus deu ao home n\u00e3o \u00e9\u00a0o dom da\u00a0vista e sim o da vis\u00e3o. Os olhos mostram o que \u00e9, e a vis\u00e3o mostra o que poderia ser. Viver em unidade \u00e9 expressar a natureza Divina, essa experi\u00eancia permite a implanta\u00e7\u00e3o do reino de Deus na terra.<\/p>\n<p>Grades problema da humanidade, em todos os tempos, \u00e9 que o pr\u00f3prio povo, por si mesmo, que ganhar a comunh\u00e3o. O que n\u00f3s precisamos \u00e9 celebrar a comunh\u00e3o gerada na cruz. Na cruz do Calv\u00e1rio, Jesus atraiu toda a maldi\u00e7\u00e3o sobre si, venceu a morte, e vive na eternidade em uni\u00e3o com o Pai e o Esp\u00edrito Santo.<\/p>\n<p>Assim como Ele incentivou que sejamos um, como Ele \u00e9 um com o Pai e com o Esp\u00edrito Santo, Ele envia o Esp\u00edrito\u00a0parta que sejamos um com Ele e com o nosso pr\u00f3ximo. Este livro &#8220;Uni\u00e3o a chave para\u00a0grandes conquistas&#8221;\u00a0do Ap. Renan Siqueira\u00a0ser\u00e1 uma chave em suas m\u00e3os, ele n\u00e3o abrir\u00e1 portas, abrir\u00e1 o seu cora\u00e7\u00e3o para outro cora\u00e7\u00e3o.<\/p>\n","protected":false},"excerpt":{"rendered":"<p>Este livro do Ap. Renan Siqueira, &#8220;Unidade a chave para grandes conquistas&#8221;, apresenta um estudo\u00a0extraordin\u00e1rio acerca deste tema de fundamental import\u00e2ncia que \u00e9 a unidade. No decorrer da leitura voc\u00ea vai entender que foi criado por Deus para cumprir um princ\u00edpio, voc\u00ea nasceu para fazer algo para tua gera\u00e7\u00e3o. Prop\u00f3sito \u00e9 a raz\u00e3o porque voc\u00ea [&hellip;]<\/p>\n","protected":false},"featured_media":1891,"comment_status":"open","ping_status":"closed","template":"","meta":[],"product_cat":[14],"product_tag":[253,252],"_links":{"self":[{"href":"http:\/\/svsul.com.br\/sv\/index.php?rest_route=\/wp\/v2\/product\/1890"}],"collection":[{"href":"http:\/\/svsul.com.br\/sv\/index.php?rest_route=\/wp\/v2\/product"}],"about":[{"href":"http:\/\/svsul.com.br\/sv\/index.php?rest_route=\/wp\/v2\/types\/product"}],"replies":[{"embeddable":true,"href":"http:\/\/svsul.com.br\/sv\/index.php?rest_route=%2Fwp%2Fv2%2Fcomments&post=1890"}],"wp:featuredmedia":[{"embeddable":true,"href":"http:\/\/svsul.com.br\/sv\/index.php?rest_route=\/wp\/v2\/media\/1891"}],"wp:attachment":[{"href":"http:\/\/svsul.com.br\/sv\/index.php?rest_route=%2Fwp%2Fv2%2Fmedia&parent=1890"}],"wp:term":[{"taxonomy":"product_cat","embeddable":true,"href":"http:\/\/svsul.com.br\/sv\/index.php?rest_route=%2Fwp%2Fv2%2Fproduct_cat&post=1890"},{"taxonomy":"product_tag","embeddable":true,"href":"http:\/\/svsul.com.br\/sv\/index.php?rest_route=%2Fwp%2Fv2%2Fproduct_tag&post=1890"}],"curies":[{"name":"wp","href":"https:\/\/api.w.org\/{rel}","templated":true}]}}