{"id":1892,"date":"2018-03-07T13:36:21","date_gmt":"2018-03-07T13:36:21","guid":{"rendered":"http:\/\/svsul.com.br\/sv\/?post_type=product&#038;p=1892"},"modified":"2019-01-29T15:34:13","modified_gmt":"2019-01-29T15:34:13","slug":"de-onde-voce-veio","status":"publish","type":"product","link":"http:\/\/svsul.com.br\/sv\/?product=de-onde-voce-veio","title":{"rendered":"DE ONDE VOC\u00ca VEIO?"},"content":{"rendered":"<div class=\"description user-content display-when-content-ready\">\n<p>&#8221; Este \u00e9 um livro revolucion\u00e1rio, que aborda um tema relevante e que o ajudar\u00e1 a identificar personalidades estranhas que fazem habita\u00e7\u00e3o no hist\u00f3rico humano, escravizando a alma e possuindo o esp\u00edrito. O autor mostra ainda que muitas pessoas est\u00e3o tendo uma vida sob opress\u00e3o e amarras, e que elas precisam ser socorridas e ajudadas.&#8221; &#8211; Ap\u00f3stolo Ren\u00ea Terra Nova<\/p>\n<p>&#8221; Esses caminhos tenebrosos e essas portas de entrada para a\u00e7\u00e3o maligna o ajudar\u00e3o a entender a resposta \u00e0 pergunta: &#8220;De onde voc\u00ea veio?&#8221; , al\u00e9m de plantar em seu cora\u00e7\u00e3o o desejo de buscar a liberta\u00e7\u00e3o genu\u00edna que s\u00f3 o Filho de Deus, Jesus, poder\u00e1 lhe dar.<\/p>\n<p>Este livro ser\u00e1 tamb\u00e9m um manual de instru\u00e7\u00e3o para aqueles que est\u00e3o comprometidos em levar outros \u00e0 liberta\u00e7\u00e3o. &#8221;<\/p>\n<p>128 P\u00e1ginas<\/p>\n<\/div>\n","protected":false},"excerpt":{"rendered":"<p>&#8221; Este \u00e9 um livro revolucion\u00e1rio, que aborda um tema relevante e que o ajudar\u00e1 a identificar personalidades estranhas que fazem habita\u00e7\u00e3o no hist\u00f3rico humano, escravizando a alma e possuindo o esp\u00edrito. O autor mostra ainda que muitas pessoas est\u00e3o tendo uma vida sob opress\u00e3o e amarras, e que elas precisam ser socorridas e ajudadas.&#8221; [&hellip;]<\/p>\n","protected":false},"featured_media":1893,"comment_status":"open","ping_status":"closed","template":"","meta":[],"product_cat":[14],"product_tag":[207,254],"_links":{"self":[{"href":"http:\/\/svsul.com.br\/sv\/index.php?rest_route=\/wp\/v2\/product\/1892"}],"collection":[{"href":"http:\/\/svsul.com.br\/sv\/index.php?rest_route=\/wp\/v2\/product"}],"about":[{"href":"http:\/\/svsul.com.br\/sv\/index.php?rest_route=\/wp\/v2\/types\/product"}],"replies":[{"embeddable":true,"href":"http:\/\/svsul.com.br\/sv\/index.php?rest_route=%2Fwp%2Fv2%2Fcomments&post=1892"}],"wp:featuredmedia":[{"embeddable":true,"href":"http:\/\/svsul.com.br\/sv\/index.php?rest_route=\/wp\/v2\/media\/1893"}],"wp:attachment":[{"href":"http:\/\/svsul.com.br\/sv\/index.php?rest_route=%2Fwp%2Fv2%2Fmedia&parent=1892"}],"wp:term":[{"taxonomy":"product_cat","embeddable":true,"href":"http:\/\/svsul.com.br\/sv\/index.php?rest_route=%2Fwp%2Fv2%2Fproduct_cat&post=1892"},{"taxonomy":"product_tag","embeddable":true,"href":"http:\/\/svsul.com.br\/sv\/index.php?rest_route=%2Fwp%2Fv2%2Fproduct_tag&post=1892"}],"curies":[{"name":"wp","href":"https:\/\/api.w.org\/{rel}","templated":true}]}}