{"id":1896,"date":"2018-03-07T13:51:54","date_gmt":"2018-03-07T13:51:54","guid":{"rendered":"http:\/\/svsul.com.br\/sv\/?post_type=product&#038;p=1896"},"modified":"2021-12-07T14:34:57","modified_gmt":"2021-12-07T14:34:57","slug":"serie-libertacao-libertando-se-das-maldicoes-na-vida-sexual","status":"publish","type":"product","link":"http:\/\/svsul.com.br\/sv\/?product=serie-libertacao-libertando-se-das-maldicoes-na-vida-sexual","title":{"rendered":"S\u00c9RIE LIBERTA\u00c7\u00c3O: LIBERTANDO-SE DAS MALDI\u00c7\u00d5ES NA VIDA SEXUAL"},"content":{"rendered":"<div class=\"description user-content display-when-content-ready\">\n<p>Este livro foi escrito com o prop\u00f3sito de mostrar como alcan\u00e7ar liberta\u00e7\u00e3o das opress\u00f5es na vida sexual, sentimental e conjugal.<\/p>\n<p>\u00c9 preciso conhecer os verdadeiros motivos que ocasionaram problemas nesta \u00e1rea, tais como disfun\u00e7\u00e3o, pervers\u00e3o e ignor\u00e2ncia ao que as Escrituras ensinam.<\/p>\n<p>Muitos crentes n\u00e3o entendem como ainda t\u00eam pensamentos impuros, como t\u00eam que lutar contra compuls\u00f5es que os levam a fazer o que n\u00e3o querem.. Mas o fato \u00e9 que a a\u00e7\u00e3o do diabo intensifica-se ap\u00f3s a convers\u00e3o a Jesus, pois tem legalidade para agir, em raz\u00e3o dos pecados do passado&#8230;<br \/>\nPor isso, \u00e9 preciso ocorrer, o quanto antes, a liberta\u00e7\u00e3o dos direitos que foram dados aos esp\u00edritos de pervers\u00e3o.<\/p>\n<p>112 P\u00e1ginas<\/p>\n<\/div>\n","protected":false},"excerpt":{"rendered":"<p>Este livro foi escrito com o prop\u00f3sito de mostrar como alcan\u00e7ar liberta\u00e7\u00e3o das opress\u00f5es na vida sexual, sentimental e conjugal. \u00c9 preciso conhecer os verdadeiros motivos que ocasionaram problemas nesta \u00e1rea, tais como disfun\u00e7\u00e3o, pervers\u00e3o e ignor\u00e2ncia ao que as Escrituras ensinam. Muitos crentes n\u00e3o entendem como ainda t\u00eam pensamentos impuros, como t\u00eam que lutar [&hellip;]<\/p>\n","protected":false},"featured_media":1897,"comment_status":"open","ping_status":"closed","template":"","meta":[],"product_cat":[14],"product_tag":[207,257,256],"_links":{"self":[{"href":"http:\/\/svsul.com.br\/sv\/index.php?rest_route=\/wp\/v2\/product\/1896"}],"collection":[{"href":"http:\/\/svsul.com.br\/sv\/index.php?rest_route=\/wp\/v2\/product"}],"about":[{"href":"http:\/\/svsul.com.br\/sv\/index.php?rest_route=\/wp\/v2\/types\/product"}],"replies":[{"embeddable":true,"href":"http:\/\/svsul.com.br\/sv\/index.php?rest_route=%2Fwp%2Fv2%2Fcomments&post=1896"}],"wp:featuredmedia":[{"embeddable":true,"href":"http:\/\/svsul.com.br\/sv\/index.php?rest_route=\/wp\/v2\/media\/1897"}],"wp:attachment":[{"href":"http:\/\/svsul.com.br\/sv\/index.php?rest_route=%2Fwp%2Fv2%2Fmedia&parent=1896"}],"wp:term":[{"taxonomy":"product_cat","embeddable":true,"href":"http:\/\/svsul.com.br\/sv\/index.php?rest_route=%2Fwp%2Fv2%2Fproduct_cat&post=1896"},{"taxonomy":"product_tag","embeddable":true,"href":"http:\/\/svsul.com.br\/sv\/index.php?rest_route=%2Fwp%2Fv2%2Fproduct_tag&post=1896"}],"curies":[{"name":"wp","href":"https:\/\/api.w.org\/{rel}","templated":true}]}}