{"id":1900,"date":"2018-03-07T14:06:46","date_gmt":"2018-03-07T14:06:46","guid":{"rendered":"http:\/\/svsul.com.br\/sv\/?post_type=product&#038;p=1900"},"modified":"2021-12-07T14:34:29","modified_gmt":"2021-12-07T14:34:29","slug":"serie-libertacao-libertando-se-de-maldicoes-hereditarias","status":"publish","type":"product","link":"http:\/\/svsul.com.br\/sv\/?product=serie-libertacao-libertando-se-de-maldicoes-hereditarias","title":{"rendered":"S\u00c9RIE LIBERTA\u00c7\u00c3O: LIBERTANDO-SE DE MALDI\u00c7\u00d5ES HEREDIT\u00c1RIAS"},"content":{"rendered":"<div class=\"description user-content display-when-content-ready\">\n<p>Este livro tem por objetivo levar liberta\u00e7\u00e3o para vida daqueles que, em meio a dores e sofrimento, t\u00eam buscado al\u00edvio em Deus. A palavra &#8220;Maldi\u00e7\u00e3o&#8221; \u00a0refere-se a um mal que est\u00e1 presente e atuante. E &#8220;Heredit\u00e1rio&#8221; \u00e9 o que se transmite de uma gera\u00e7\u00e3o para outra, tanto um bem recebido como um mal que adv\u00e9m dos antecedentes.<\/p>\n<p>Com base na Palavra de Deus e valendo-se de sua grande experi\u00eancia no minist\u00e9rio de liberta\u00e7\u00e3o, o autor mostra como um crente, salvo por Cristo, pode sofrer a a\u00e7\u00e3o de maldi\u00e7\u00f5es heredit\u00e1rias, mas assegura: Elas podem, sim, ser anuladas!<\/p>\n<p>112 P\u00e1ginas<\/p>\n<\/div>\n","protected":false},"excerpt":{"rendered":"<p>Este livro tem por objetivo levar liberta\u00e7\u00e3o para vida daqueles que, em meio a dores e sofrimento, t\u00eam buscado al\u00edvio em Deus. A palavra &#8220;Maldi\u00e7\u00e3o&#8221; \u00a0refere-se a um mal que est\u00e1 presente e atuante. E &#8220;Heredit\u00e1rio&#8221; \u00e9 o que se transmite de uma gera\u00e7\u00e3o para outra, tanto um bem recebido como um mal que adv\u00e9m [&hellip;]<\/p>\n","protected":false},"featured_media":1901,"comment_status":"open","ping_status":"closed","template":"","meta":[],"product_cat":[14],"product_tag":[207,257,256],"_links":{"self":[{"href":"http:\/\/svsul.com.br\/sv\/index.php?rest_route=\/wp\/v2\/product\/1900"}],"collection":[{"href":"http:\/\/svsul.com.br\/sv\/index.php?rest_route=\/wp\/v2\/product"}],"about":[{"href":"http:\/\/svsul.com.br\/sv\/index.php?rest_route=\/wp\/v2\/types\/product"}],"replies":[{"embeddable":true,"href":"http:\/\/svsul.com.br\/sv\/index.php?rest_route=%2Fwp%2Fv2%2Fcomments&post=1900"}],"wp:featuredmedia":[{"embeddable":true,"href":"http:\/\/svsul.com.br\/sv\/index.php?rest_route=\/wp\/v2\/media\/1901"}],"wp:attachment":[{"href":"http:\/\/svsul.com.br\/sv\/index.php?rest_route=%2Fwp%2Fv2%2Fmedia&parent=1900"}],"wp:term":[{"taxonomy":"product_cat","embeddable":true,"href":"http:\/\/svsul.com.br\/sv\/index.php?rest_route=%2Fwp%2Fv2%2Fproduct_cat&post=1900"},{"taxonomy":"product_tag","embeddable":true,"href":"http:\/\/svsul.com.br\/sv\/index.php?rest_route=%2Fwp%2Fv2%2Fproduct_tag&post=1900"}],"curies":[{"name":"wp","href":"https:\/\/api.w.org\/{rel}","templated":true}]}}