{"id":1904,"date":"2018-03-07T14:23:06","date_gmt":"2018-03-07T14:23:06","guid":{"rendered":"http:\/\/svsul.com.br\/sv\/?post_type=product&#038;p=1904"},"modified":"2019-01-29T15:30:30","modified_gmt":"2019-01-29T15:30:30","slug":"longevidade-uma-promessa","status":"publish","type":"product","link":"http:\/\/svsul.com.br\/sv\/?product=longevidade-uma-promessa","title":{"rendered":"LONGEVIDADE, UMA PROMESSA"},"content":{"rendered":"<p>Em &#8216;Longevidade &#8211; uma Promessa pr\u00e1tica e n\u00e3o-religiosa&#8217;, a escritora aborda dois aspectos. Primeiro- longevidade \u00e9 uma promessa de Deus. O segundo divide-se em duas partes &#8211; a) ter dias prolongados na Terra depende de obedi\u00eancia aos princ\u00edpios de Deus; b) depende, tamb\u00e9m, da honra que se d\u00e1 ao ser; esp\u00edrito, alma e corpo, obedecendo aos princ\u00edpios da ci\u00eancia delegada ao homem.<\/p>\n","protected":false},"excerpt":{"rendered":"<p>Em &#8216;Longevidade &#8211; uma Promessa pr\u00e1tica e n\u00e3o-religiosa&#8217;, a escritora aborda dois aspectos. Primeiro- longevidade \u00e9 uma promessa de Deus. O segundo divide-se em duas partes &#8211; a) ter dias prolongados na Terra depende de obedi\u00eancia aos princ\u00edpios de Deus; b) depende, tamb\u00e9m, da honra que se d\u00e1 ao ser; esp\u00edrito, alma e corpo, obedecendo [&hellip;]<\/p>\n","protected":false},"featured_media":1905,"comment_status":"open","ping_status":"closed","template":"","meta":[],"product_cat":[14],"product_tag":[259,173],"_links":{"self":[{"href":"http:\/\/svsul.com.br\/sv\/index.php?rest_route=\/wp\/v2\/product\/1904"}],"collection":[{"href":"http:\/\/svsul.com.br\/sv\/index.php?rest_route=\/wp\/v2\/product"}],"about":[{"href":"http:\/\/svsul.com.br\/sv\/index.php?rest_route=\/wp\/v2\/types\/product"}],"replies":[{"embeddable":true,"href":"http:\/\/svsul.com.br\/sv\/index.php?rest_route=%2Fwp%2Fv2%2Fcomments&post=1904"}],"wp:featuredmedia":[{"embeddable":true,"href":"http:\/\/svsul.com.br\/sv\/index.php?rest_route=\/wp\/v2\/media\/1905"}],"wp:attachment":[{"href":"http:\/\/svsul.com.br\/sv\/index.php?rest_route=%2Fwp%2Fv2%2Fmedia&parent=1904"}],"wp:term":[{"taxonomy":"product_cat","embeddable":true,"href":"http:\/\/svsul.com.br\/sv\/index.php?rest_route=%2Fwp%2Fv2%2Fproduct_cat&post=1904"},{"taxonomy":"product_tag","embeddable":true,"href":"http:\/\/svsul.com.br\/sv\/index.php?rest_route=%2Fwp%2Fv2%2Fproduct_tag&post=1904"}],"curies":[{"name":"wp","href":"https:\/\/api.w.org\/{rel}","templated":true}]}}