{"id":1906,"date":"2018-03-07T14:29:04","date_gmt":"2018-03-07T14:29:04","guid":{"rendered":"http:\/\/svsul.com.br\/sv\/?post_type=product&#038;p=1906"},"modified":"2019-01-29T15:30:05","modified_gmt":"2019-01-29T15:30:05","slug":"corba-a-oferta-de-honra-aos-pais","status":"publish","type":"product","link":"http:\/\/svsul.com.br\/sv\/?product=corba-a-oferta-de-honra-aos-pais","title":{"rendered":"CORB\u00c3, A OFERTA DE HONRA AOS PAIS"},"content":{"rendered":"<div class=\"separator\">Livro que aborda o tema &#8211; Honra, algo t\u00e3o pouco utilizado nos dias de hoje, mas de grande valor, pois Deus em sua palavra diz: &#8220;Honra teu pai e tua m\u00e3e para que tenha longa vida.&#8221;<\/div>\n<div class=\"separator\">Al\u00e9m de um mandamento, existe a promessa &#8211; longa vida. E o que mais vemos na sociedade de hoje s\u00e3o filhos desonrando os pais e com isto vemos multid\u00f5es de jovens morrendo ou tendo uma vida esfacelada como consequ\u00eancia de n\u00e3o honrarem seus pais.<\/div>\n<div class=\"separator\"><\/div>\n<div class=\"separator\">Honrar vai al\u00e9m de obedecer, mas sim se importar e ter o cuidado com os pais no que for necess\u00e1rio, seja no emocional, f\u00edsico, financeiro. Al\u00e9m disso, honrar com nossas atitudes n\u00e3o fazendo com que eles se entriste\u00e7am com nossas escolhas.<\/div>\n<div class=\"separator\"><\/div>\n<div class=\"separator\">Honra est\u00e1 ligado a ouvir, a buscar conselhos, mas o mundo prega: &#8220;se conselho fosse bom seria vendido, n\u00e3o dado&#8221;, mas a Palavra de Deus diz: &#8220;que na multid\u00e3o de conselhos a sabedoria&#8221;. Ouvir os pais \u00e9 ser s\u00e1bio e uma forma de honra-los.<\/div>\n<div class=\"separator\"><\/div>\n<div class=\"separator\">S\u00f3 que infelizmente, os filhos n\u00e3o honram os pais muitas das vezes, pois n\u00e3o viram seus pais honrarem os seus e assim sendo as fam\u00edlias vem se deteriorando a gera\u00e7\u00f5es.<\/div>\n<div class=\"separator\"><\/div>\n<div class=\"separator\">Esta \u00a0obra vem nos alertar por meio da Palavra de Deus a nos voltarmos para seu mandamento de honrar; primeiramente os da casa como a B\u00edblia mesmo diz para que as fam\u00edlias venham a ser fortes e estruturadas e a partir de ent\u00e3o honrar em todas as \u00e1reas da vida e situa\u00e7\u00f5es.<\/div>\n<div class=\"separator\"><\/div>\n<div class=\"separator\">Pois para que serve os dias prolongados, sen\u00e3o para servir a Deus e ao pr\u00f3ximo.<\/div>\n<div class=\"separator\"><\/div>\n<div class=\"separator\">Honrar \u00e9 uma decis\u00e3o!<\/div>\n","protected":false},"excerpt":{"rendered":"<p>Livro que aborda o tema &#8211; Honra, algo t\u00e3o pouco utilizado nos dias de hoje, mas de grande valor, pois Deus em sua palavra diz: &#8220;Honra teu pai e tua m\u00e3e para que tenha longa vida.&#8221; Al\u00e9m de um mandamento, existe a promessa &#8211; longa vida. E o que mais vemos na sociedade de hoje [&hellip;]<\/p>\n","protected":false},"featured_media":1907,"comment_status":"open","ping_status":"closed","template":"","meta":[],"product_cat":[14],"product_tag":[260,41,173],"_links":{"self":[{"href":"http:\/\/svsul.com.br\/sv\/index.php?rest_route=\/wp\/v2\/product\/1906"}],"collection":[{"href":"http:\/\/svsul.com.br\/sv\/index.php?rest_route=\/wp\/v2\/product"}],"about":[{"href":"http:\/\/svsul.com.br\/sv\/index.php?rest_route=\/wp\/v2\/types\/product"}],"replies":[{"embeddable":true,"href":"http:\/\/svsul.com.br\/sv\/index.php?rest_route=%2Fwp%2Fv2%2Fcomments&post=1906"}],"wp:featuredmedia":[{"embeddable":true,"href":"http:\/\/svsul.com.br\/sv\/index.php?rest_route=\/wp\/v2\/media\/1907"}],"wp:attachment":[{"href":"http:\/\/svsul.com.br\/sv\/index.php?rest_route=%2Fwp%2Fv2%2Fmedia&parent=1906"}],"wp:term":[{"taxonomy":"product_cat","embeddable":true,"href":"http:\/\/svsul.com.br\/sv\/index.php?rest_route=%2Fwp%2Fv2%2Fproduct_cat&post=1906"},{"taxonomy":"product_tag","embeddable":true,"href":"http:\/\/svsul.com.br\/sv\/index.php?rest_route=%2Fwp%2Fv2%2Fproduct_tag&post=1906"}],"curies":[{"name":"wp","href":"https:\/\/api.w.org\/{rel}","templated":true}]}}