{"id":1909,"date":"2018-03-07T14:41:08","date_gmt":"2018-03-07T14:41:08","guid":{"rendered":"http:\/\/svsul.com.br\/sv\/?post_type=product&#038;p=1909"},"modified":"2021-12-07T14:33:54","modified_gmt":"2021-12-07T14:33:54","slug":"o-engano-das-mulheres-que-os-homens-apoiam-e-sustentam","status":"publish","type":"product","link":"http:\/\/svsul.com.br\/sv\/?product=o-engano-das-mulheres-que-os-homens-apoiam-e-sustentam","title":{"rendered":"O ENGANO DAS MULHERES QUE OS HOMENS APOIAM E SUSTENTAM"},"content":{"rendered":"<p>A mulher tem sido v\u00edtima das engana\u00e7\u00f5es, v\u00edtima das malandragens, estupros, sequestros, roubos, ladr\u00f5es, doen\u00e7as. S\u00e3o enganadas pelos maridos. Elas s\u00e3o enganadas pelas apar\u00eancias, pela loquacidade masculina.<\/p>\n<p>O Engano das Mulheres que os Homens Apoiam e Sustentam sugere as possibilidades que uma mulher tem de vencer suas fraquezas e debilidades, e viver outra e nova vida de sucesso sem enganos.<\/p>\n","protected":false},"excerpt":{"rendered":"<p>A mulher tem sido v\u00edtima das engana\u00e7\u00f5es, v\u00edtima das malandragens, estupros, sequestros, roubos, ladr\u00f5es, doen\u00e7as. S\u00e3o enganadas pelos maridos. Elas s\u00e3o enganadas pelas apar\u00eancias, pela loquacidade masculina. O Engano das Mulheres que os Homens Apoiam e Sustentam sugere as possibilidades que uma mulher tem de vencer suas fraquezas e debilidades, e viver outra e nova [&hellip;]<\/p>\n","protected":false},"featured_media":1910,"comment_status":"open","ping_status":"closed","template":"","meta":[],"product_cat":[14],"product_tag":[262,263,173,261],"_links":{"self":[{"href":"http:\/\/svsul.com.br\/sv\/index.php?rest_route=\/wp\/v2\/product\/1909"}],"collection":[{"href":"http:\/\/svsul.com.br\/sv\/index.php?rest_route=\/wp\/v2\/product"}],"about":[{"href":"http:\/\/svsul.com.br\/sv\/index.php?rest_route=\/wp\/v2\/types\/product"}],"replies":[{"embeddable":true,"href":"http:\/\/svsul.com.br\/sv\/index.php?rest_route=%2Fwp%2Fv2%2Fcomments&post=1909"}],"wp:featuredmedia":[{"embeddable":true,"href":"http:\/\/svsul.com.br\/sv\/index.php?rest_route=\/wp\/v2\/media\/1910"}],"wp:attachment":[{"href":"http:\/\/svsul.com.br\/sv\/index.php?rest_route=%2Fwp%2Fv2%2Fmedia&parent=1909"}],"wp:term":[{"taxonomy":"product_cat","embeddable":true,"href":"http:\/\/svsul.com.br\/sv\/index.php?rest_route=%2Fwp%2Fv2%2Fproduct_cat&post=1909"},{"taxonomy":"product_tag","embeddable":true,"href":"http:\/\/svsul.com.br\/sv\/index.php?rest_route=%2Fwp%2Fv2%2Fproduct_tag&post=1909"}],"curies":[{"name":"wp","href":"https:\/\/api.w.org\/{rel}","templated":true}]}}