{"id":1911,"date":"2018-03-07T14:48:27","date_gmt":"2018-03-07T14:48:27","guid":{"rendered":"http:\/\/svsul.com.br\/sv\/?post_type=product&#038;p=1911"},"modified":"2021-12-07T00:43:55","modified_gmt":"2021-12-07T00:43:55","slug":"45-segredos-para-prosperidade","status":"publish","type":"product","link":"http:\/\/svsul.com.br\/sv\/?product=45-segredos-para-prosperidade","title":{"rendered":"45 SEGREDOS PARA PROSPERIDADE"},"content":{"rendered":"<div class=\"description user-content display-when-content-ready\">\n<p>45 Segredos para a Prosperidade prop\u00f5e uma mudan\u00e7a de mente, de um Pensamento Pobre para um Pensamento Pr\u00f3spero, arrancando o pensamento de fracasso, escassez, limita\u00e7\u00f5es, impossibilidades, fome, mis\u00e9ria e ru\u00edna.<\/p>\n<p>Esta leitura o ajudar\u00e1 a encontrar o rumo do sucesso financeiro, pois ele \u00e9 importante e vem de Deus. Voc\u00ea vencer\u00e1 o medo de possuir riquezas, vencer\u00e1 tamb\u00e9m preconceitos, m\u00e1goas, amarguras, ressentimentos e tudo o que ofende a alma e a rela\u00e7\u00e3o com seus semelhantes.<\/p>\n<p>Expanda a sua mente para compreender os preciosos segredos para a prosperidade. S\u00f3 depende da sua mente e de usar seu Pensamento Pr\u00f3spero.<\/p>\n<p>Autora: Marisa Rodrigues<\/p>\n<p>312 p\u00e1ginas<\/p>\n<\/div>\n","protected":false},"excerpt":{"rendered":"<p>45 Segredos para a Prosperidade prop\u00f5e uma mudan\u00e7a de mente, de um Pensamento Pobre para um Pensamento Pr\u00f3spero, arrancando o pensamento de fracasso, escassez, limita\u00e7\u00f5es, impossibilidades, fome, mis\u00e9ria e ru\u00edna. Esta leitura o ajudar\u00e1 a encontrar o rumo do sucesso financeiro, pois ele \u00e9 importante e vem de Deus. Voc\u00ea vencer\u00e1 o medo de possuir [&hellip;]<\/p>\n","protected":false},"featured_media":1912,"comment_status":"open","ping_status":"closed","template":"","meta":[],"product_cat":[14],"product_tag":[264,173],"_links":{"self":[{"href":"http:\/\/svsul.com.br\/sv\/index.php?rest_route=\/wp\/v2\/product\/1911"}],"collection":[{"href":"http:\/\/svsul.com.br\/sv\/index.php?rest_route=\/wp\/v2\/product"}],"about":[{"href":"http:\/\/svsul.com.br\/sv\/index.php?rest_route=\/wp\/v2\/types\/product"}],"replies":[{"embeddable":true,"href":"http:\/\/svsul.com.br\/sv\/index.php?rest_route=%2Fwp%2Fv2%2Fcomments&post=1911"}],"wp:featuredmedia":[{"embeddable":true,"href":"http:\/\/svsul.com.br\/sv\/index.php?rest_route=\/wp\/v2\/media\/1912"}],"wp:attachment":[{"href":"http:\/\/svsul.com.br\/sv\/index.php?rest_route=%2Fwp%2Fv2%2Fmedia&parent=1911"}],"wp:term":[{"taxonomy":"product_cat","embeddable":true,"href":"http:\/\/svsul.com.br\/sv\/index.php?rest_route=%2Fwp%2Fv2%2Fproduct_cat&post=1911"},{"taxonomy":"product_tag","embeddable":true,"href":"http:\/\/svsul.com.br\/sv\/index.php?rest_route=%2Fwp%2Fv2%2Fproduct_tag&post=1911"}],"curies":[{"name":"wp","href":"https:\/\/api.w.org\/{rel}","templated":true}]}}