{"id":1914,"date":"2018-03-07T16:58:45","date_gmt":"2018-03-07T16:58:45","guid":{"rendered":"http:\/\/svsul.com.br\/sv\/?post_type=product&#038;p=1914"},"modified":"2021-12-07T00:43:19","modified_gmt":"2021-12-07T00:43:19","slug":"discipulando-para-criancas","status":"publish","type":"product","link":"http:\/\/svsul.com.br\/sv\/?product=discipulando-para-criancas","title":{"rendered":"DISCIPULANDO PARA CRIAN\u00c7AS"},"content":{"rendered":"<div class=\"description user-content display-when-content-ready\">\n<p>Em Prov\u00e9rbios 22:6, o Senhor diz que devemos ensinar a crian\u00e7a no caminho em que deve andar, e, quando envelhecer, n\u00e3o se desviar\u00e1 dele. A quest\u00e3o \u00e9: Em que caminho estamos ensinando as nossas crian\u00e7as?<\/p>\n<p>Vemos uma gera\u00e7\u00e3o crescendo confusa, em d\u00favidas quanto \u00e1 sua identidade, sem saber que caminho trilhar. Ao mesmo tempo, os pais se encontram perdidos, sem saber como conduzir seus filhos.<\/p>\n<p>O objetivo deste livro \u00e9 mostrar aos pais e l\u00edderes de crian\u00e7as que \u00e9 poss\u00edvel, sim, levantar uma gera\u00e7\u00e3o santa, firme nos princ\u00edpios da Palavra, em meia a esta gera\u00e7\u00e3o perversa.<\/p>\n<p>&#8220;Um Sonho n\u00e3o nasce apenas para Impactar, mas para trazer Mudan\u00e7a.&#8221; &#8211; <em>Ap\u00f3stolo\u00a0Ren\u00ea Terra Nova<\/em><\/p>\n<p>107 P\u00e1ginas<\/p>\n<p>Autores: Luiz e Regina Vasconcelos<\/p>\n<\/div>\n","protected":false},"excerpt":{"rendered":"<p>Em Prov\u00e9rbios 22:6, o Senhor diz que devemos ensinar a crian\u00e7a no caminho em que deve andar, e, quando envelhecer, n\u00e3o se desviar\u00e1 dele. A quest\u00e3o \u00e9: Em que caminho estamos ensinando as nossas crian\u00e7as? Vemos uma gera\u00e7\u00e3o crescendo confusa, em d\u00favidas quanto \u00e1 sua identidade, sem saber que caminho trilhar. Ao mesmo tempo, os [&hellip;]<\/p>\n","protected":false},"featured_media":1915,"comment_status":"open","ping_status":"closed","template":"","meta":[],"product_cat":[14],"product_tag":[25,60,267,266],"_links":{"self":[{"href":"http:\/\/svsul.com.br\/sv\/index.php?rest_route=\/wp\/v2\/product\/1914"}],"collection":[{"href":"http:\/\/svsul.com.br\/sv\/index.php?rest_route=\/wp\/v2\/product"}],"about":[{"href":"http:\/\/svsul.com.br\/sv\/index.php?rest_route=\/wp\/v2\/types\/product"}],"replies":[{"embeddable":true,"href":"http:\/\/svsul.com.br\/sv\/index.php?rest_route=%2Fwp%2Fv2%2Fcomments&post=1914"}],"wp:featuredmedia":[{"embeddable":true,"href":"http:\/\/svsul.com.br\/sv\/index.php?rest_route=\/wp\/v2\/media\/1915"}],"wp:attachment":[{"href":"http:\/\/svsul.com.br\/sv\/index.php?rest_route=%2Fwp%2Fv2%2Fmedia&parent=1914"}],"wp:term":[{"taxonomy":"product_cat","embeddable":true,"href":"http:\/\/svsul.com.br\/sv\/index.php?rest_route=%2Fwp%2Fv2%2Fproduct_cat&post=1914"},{"taxonomy":"product_tag","embeddable":true,"href":"http:\/\/svsul.com.br\/sv\/index.php?rest_route=%2Fwp%2Fv2%2Fproduct_tag&post=1914"}],"curies":[{"name":"wp","href":"https:\/\/api.w.org\/{rel}","templated":true}]}}