{"id":1917,"date":"2018-05-04T17:22:08","date_gmt":"2018-05-04T17:22:08","guid":{"rendered":"http:\/\/svsul.com.br\/sv\/?post_type=product&#038;p=1917"},"modified":"2021-12-07T00:43:36","modified_gmt":"2021-12-07T00:43:36","slug":"celulas-nas-casas-a-ideia-de-jesus-rene-terra-nova","status":"publish","type":"product","link":"http:\/\/svsul.com.br\/sv\/?product=celulas-nas-casas-a-ideia-de-jesus-rene-terra-nova","title":{"rendered":"C\u00e9lulas nas Casas, a ideia de Jesus &#8211; Ren\u00ea terra Nova"},"content":{"rendered":"<p>Esta leitura pretende estimular ainda mais seu amor por fam\u00edlia e pelas fam\u00edlias que fazem parte da sua geografia. O seu lar, n\u00e3o \u00e9 apenas alvo do seu zelo e da sua dedica\u00e7\u00e3o, tamb\u00e9m \u00e9 o lugar preferido de Jesus, que quer sentar com voc\u00ea e os seus \u00e0 mesa, envolver a todos com o Seu cuidado, com a Sua gl\u00f3ria e com a Sua manifesta\u00e7\u00e3o sobrenatural.<\/p>\n<p>Parece uma utopia, mas a promessa de Deus \u00e9 estabelecer fam\u00edlias que se tornem uma Casa Modelo, porque Jesus, que habita nelas, \u00e9 o nosso Modelo principal.<\/p>\n<p>E Seremos n\u00e3o apenas refer\u00eancia de uma casa equilibrada em todos os sentidos, f\u00edsico, emocional, espiritual e no relacionamento de intelig\u00eancia emocional, mas nossos lares se tornar\u00e3o redutos de avivamento se abrirmos nossas casas para a realiza\u00e7\u00e3o de C\u00e9lulas.<br \/>\nNas casas, tudo ganha vida e velocidade na resposta. E quando esse grande Mover estiver consolidado nas casastamb\u00e9m se espalhar\u00e1 por toda Terra. Onde exisitir uma casa comprometida com o Reino de Deus, toda a geografia poder\u00e1 ser salva.<\/p>\n","protected":false},"excerpt":{"rendered":"<p>Esta leitura pretende estimular ainda mais seu amor por fam\u00edlia e pelas fam\u00edlias que fazem parte da sua geografia. O seu lar, n\u00e3o \u00e9 apenas alvo do seu zelo e da sua dedica\u00e7\u00e3o, tamb\u00e9m \u00e9 o lugar preferido de Jesus, que quer sentar com voc\u00ea e os seus \u00e0 mesa, envolver a todos com o [&hellip;]<\/p>\n","protected":false},"featured_media":1918,"comment_status":"open","ping_status":"closed","template":"","meta":[],"product_cat":[14],"product_tag":[268,269,59],"_links":{"self":[{"href":"http:\/\/svsul.com.br\/sv\/index.php?rest_route=\/wp\/v2\/product\/1917"}],"collection":[{"href":"http:\/\/svsul.com.br\/sv\/index.php?rest_route=\/wp\/v2\/product"}],"about":[{"href":"http:\/\/svsul.com.br\/sv\/index.php?rest_route=\/wp\/v2\/types\/product"}],"replies":[{"embeddable":true,"href":"http:\/\/svsul.com.br\/sv\/index.php?rest_route=%2Fwp%2Fv2%2Fcomments&post=1917"}],"wp:featuredmedia":[{"embeddable":true,"href":"http:\/\/svsul.com.br\/sv\/index.php?rest_route=\/wp\/v2\/media\/1918"}],"wp:attachment":[{"href":"http:\/\/svsul.com.br\/sv\/index.php?rest_route=%2Fwp%2Fv2%2Fmedia&parent=1917"}],"wp:term":[{"taxonomy":"product_cat","embeddable":true,"href":"http:\/\/svsul.com.br\/sv\/index.php?rest_route=%2Fwp%2Fv2%2Fproduct_cat&post=1917"},{"taxonomy":"product_tag","embeddable":true,"href":"http:\/\/svsul.com.br\/sv\/index.php?rest_route=%2Fwp%2Fv2%2Fproduct_tag&post=1917"}],"curies":[{"name":"wp","href":"https:\/\/api.w.org\/{rel}","templated":true}]}}