{"id":1921,"date":"2018-05-04T17:51:32","date_gmt":"2018-05-04T17:51:32","guid":{"rendered":"http:\/\/svsul.com.br\/sv\/?post_type=product&#038;p=1921"},"modified":"2019-01-29T15:28:06","modified_gmt":"2019-01-29T15:28:06","slug":"bethania-meu-amor-priscila-passoni","status":"publish","type":"product","link":"http:\/\/svsul.com.br\/sv\/?product=bethania-meu-amor-priscila-passoni","title":{"rendered":"Beth\u00e2nia, Meu Amor! Priscila Passoni"},"content":{"rendered":"<div class=\"container\">\n<div id=\"single-product\" class=\"js-product-detail\">\n<div id=\"single-product-container\" class=\"js-product-container\" data-variants=\"[{&quot;product_id&quot;:21519739,&quot;price_short&quot;:&quot;R$35,00&quot;,&quot;price_long&quot;:&quot;R$35,00&quot;,&quot;price_number&quot;:35,&quot;compare_at_price_short&quot;:null,&quot;compare_at_price_long&quot;:null,&quot;compare_at_price_number&quot;:null,&quot;stock&quot;:11,&quot;sku&quot;:null,&quot;available&quot;:true,&quot;contact&quot;:false,&quot;option0&quot;:null,&quot;option1&quot;:null,&quot;option2&quot;:null,&quot;id&quot;:46246936,&quot;image&quot;:26333839,&quot;image_url&quot;:&quot;\\\/\\\/d26lpennugtm8s.cloudfront.net\\\/stores\\\/171\\\/295\\\/products\\\/capa-bethania2-mockup-11-2cff5a66082c526a7b15122908695207-1024-1024.png&quot;,&quot;installments_data&quot;:&quot;{\\&quot;moip\\&quot;:{\\&quot;1\\&quot;:{\\&quot;installment_value\\&quot;:35,\\&quot;installment_value_cents\\&quot;:3500,\\&quot;interest\\&quot;:0,\\&quot;total_value\\&quot;:35,\\&quot;without_interests\\&quot;:true}},\\&quot;cielo\\&quot;:{\\&quot;1\\&quot;:{\\&quot;installment_value\\&quot;:35,\\&quot;installment_value_cents\\&quot;:3500,\\&quot;interest\\&quot;:0,\\&quot;total_value\\&quot;:35,\\&quot;without_interests\\&quot;:true}}}&quot;}]\">\n<div class=\"span6 clear-both-xs\">\n<div class=\"product-form-container\">\n<div class=\"description user-content display-when-content-ready\">\n<p class=\"font_8\">Uma nova cidade. Uma nova escola. Novos amigos. Um amor antigo e uma nova Paix\u00e3o. Tudo parecia normal na vida daquela jovem bailarina, at\u00e9 que a grande trag\u00e9dia entrou em sua vida.<\/p>\n<p class=\"font_8\">\u200bUma fic\u00e7\u00e3o que vai mexer com as suas emo\u00e7\u00f5es. Beth\u00e2nia, uma adolescente linda e cheia de vida tomar\u00e1 algumas decis\u00f5es que a levar\u00e1 por um caminho tr\u00e1gico.<\/p>\n<p class=\"font_8\">\u200b<\/p>\n<p class=\"font_8\">N\u00e3o se engane, Essa realidade est\u00e1 mais pr\u00f3xima de voc\u00ea do que imagina.<\/p>\n<\/div>\n<div class=\"fb-comments display-when-content-ready fb_iframe_widget fb_iframe_widget_fluid\" data-href=\"https:\/\/www.sementedevida.com.br\/livros\/livros1\/bethania-meu-amor\/\" data-num-posts=\"5\" data-width=\"100%\"><\/div>\n<\/div>\n<\/div>\n<\/div>\n<\/div>\n<\/div>\n","protected":false},"excerpt":{"rendered":"<p>Uma nova cidade. Uma nova escola. Novos amigos. Um amor antigo e uma nova Paix\u00e3o. Tudo parecia normal na vida daquela jovem bailarina, at\u00e9 que a grande trag\u00e9dia entrou em sua vida. \u200bUma fic\u00e7\u00e3o que vai mexer com as suas emo\u00e7\u00f5es. Beth\u00e2nia, uma adolescente linda e cheia de vida tomar\u00e1 algumas decis\u00f5es que a levar\u00e1 [&hellip;]<\/p>\n","protected":false},"featured_media":1922,"comment_status":"open","ping_status":"closed","template":"","meta":[],"product_cat":[14],"product_tag":[272,273],"_links":{"self":[{"href":"http:\/\/svsul.com.br\/sv\/index.php?rest_route=\/wp\/v2\/product\/1921"}],"collection":[{"href":"http:\/\/svsul.com.br\/sv\/index.php?rest_route=\/wp\/v2\/product"}],"about":[{"href":"http:\/\/svsul.com.br\/sv\/index.php?rest_route=\/wp\/v2\/types\/product"}],"replies":[{"embeddable":true,"href":"http:\/\/svsul.com.br\/sv\/index.php?rest_route=%2Fwp%2Fv2%2Fcomments&post=1921"}],"wp:featuredmedia":[{"embeddable":true,"href":"http:\/\/svsul.com.br\/sv\/index.php?rest_route=\/wp\/v2\/media\/1922"}],"wp:attachment":[{"href":"http:\/\/svsul.com.br\/sv\/index.php?rest_route=%2Fwp%2Fv2%2Fmedia&parent=1921"}],"wp:term":[{"taxonomy":"product_cat","embeddable":true,"href":"http:\/\/svsul.com.br\/sv\/index.php?rest_route=%2Fwp%2Fv2%2Fproduct_cat&post=1921"},{"taxonomy":"product_tag","embeddable":true,"href":"http:\/\/svsul.com.br\/sv\/index.php?rest_route=%2Fwp%2Fv2%2Fproduct_tag&post=1921"}],"curies":[{"name":"wp","href":"https:\/\/api.w.org\/{rel}","templated":true}]}}