{"id":1926,"date":"2019-05-22T20:33:27","date_gmt":"2019-05-22T20:33:27","guid":{"rendered":"http:\/\/svsul.com.br\/sv\/?post_type=product&#038;p=1926"},"modified":"2021-12-07T00:42:29","modified_gmt":"2021-12-07T00:42:29","slug":"o-poder-da-multiplicacao-raimon-da-silva-ladislau","status":"publish","type":"product","link":"http:\/\/svsul.com.br\/sv\/?product=o-poder-da-multiplicacao-raimon-da-silva-ladislau","title":{"rendered":"O PODER DA MULTIPLICA\u00c7\u00c3O &#8211; AP. RAIMON DA SILVA LADISLAU"},"content":{"rendered":"<ul>\n<li>O que \u00e9 o &#8220;+1&#8221;?Entendendo o projeto na pr\u00e1tica<\/li>\n<li>Como gerar o &#8220;+1&#8221;? O clamor de Raquel<\/li>\n<li>O poder multiplicador de 1.(+1=multid\u00e3o)<\/li>\n<li>Quem \u00e9 o meu +1? Onde encontr\u00e1-lo?<\/li>\n<li>Semana de visita\u00e7\u00e3o: tomada de territ\u00f3rios<\/li>\n<li>Mais um: Sim! Menos um: N\u00e3o! (Fechando a porta dos fundos)<\/li>\n<li>A real miss\u00e3o da igreja (reconectando-se a vis\u00e3o de Deus)<\/li>\n<li>&#8230; E muito mais!<\/li>\n<\/ul>\n","protected":false},"excerpt":{"rendered":"<p>O que \u00e9 o &#8220;+1&#8221;?Entendendo o projeto na pr\u00e1tica Como gerar o &#8220;+1&#8221;? O clamor de Raquel O poder multiplicador de 1.(+1=multid\u00e3o) Quem \u00e9 o meu +1? Onde encontr\u00e1-lo? Semana de visita\u00e7\u00e3o: tomada de territ\u00f3rios Mais um: Sim! Menos um: N\u00e3o! (Fechando a porta dos fundos) A real miss\u00e3o da igreja (reconectando-se a vis\u00e3o de [&hellip;]<\/p>\n","protected":false},"featured_media":1927,"comment_status":"open","ping_status":"closed","template":"","meta":[],"product_cat":[14],"product_tag":[275,274,276],"_links":{"self":[{"href":"http:\/\/svsul.com.br\/sv\/index.php?rest_route=\/wp\/v2\/product\/1926"}],"collection":[{"href":"http:\/\/svsul.com.br\/sv\/index.php?rest_route=\/wp\/v2\/product"}],"about":[{"href":"http:\/\/svsul.com.br\/sv\/index.php?rest_route=\/wp\/v2\/types\/product"}],"replies":[{"embeddable":true,"href":"http:\/\/svsul.com.br\/sv\/index.php?rest_route=%2Fwp%2Fv2%2Fcomments&post=1926"}],"wp:featuredmedia":[{"embeddable":true,"href":"http:\/\/svsul.com.br\/sv\/index.php?rest_route=\/wp\/v2\/media\/1927"}],"wp:attachment":[{"href":"http:\/\/svsul.com.br\/sv\/index.php?rest_route=%2Fwp%2Fv2%2Fmedia&parent=1926"}],"wp:term":[{"taxonomy":"product_cat","embeddable":true,"href":"http:\/\/svsul.com.br\/sv\/index.php?rest_route=%2Fwp%2Fv2%2Fproduct_cat&post=1926"},{"taxonomy":"product_tag","embeddable":true,"href":"http:\/\/svsul.com.br\/sv\/index.php?rest_route=%2Fwp%2Fv2%2Fproduct_tag&post=1926"}],"curies":[{"name":"wp","href":"https:\/\/api.w.org\/{rel}","templated":true}]}}