{"id":1928,"date":"2019-09-10T18:36:25","date_gmt":"2019-09-10T18:36:25","guid":{"rendered":"http:\/\/svsul.com.br\/sv\/?post_type=product&#038;p=1928"},"modified":"2021-12-07T00:42:44","modified_gmt":"2021-12-07T00:42:44","slug":"primicia-a-semente-da-honra","status":"publish","type":"product","link":"http:\/\/svsul.com.br\/sv\/?product=primicia-a-semente-da-honra","title":{"rendered":"PRIM\u00cdCIA A SEMENTE DA HONRA"},"content":{"rendered":"<div class=\"description user-content display-when-content-ready\">\n<p>Neste livro, Ren\u00ea Terra Nova revela preciosos segredos guardados nas entrelinhas da B\u00edblia e preservados pelos s\u00e1bios de Israel sobre Prim\u00edcias. Mais que uma express\u00e3o f\u00edsica de oferta, de gratid\u00e3o traduzida em presentes, Prim\u00edcias s\u00e3o um Princ\u00edpio B\u00edblico, baseado na Lei da Honra, uma ordenan\u00e7a divina, que nasceu no C\u00e9u, criado pelo pr\u00f3prio Deus e cumprido no Messias.<\/p>\n<p>Por\u00e9m, Prim\u00edcias n\u00e3o s\u00e3o apenas boas, podem tamb\u00e9m ser ruins com consequ\u00eancias danosas, se n\u00e3o forem Prim\u00edcias de Deus, mas prim\u00edcias malignas, geradas pelo anjo ca\u00eddo, Ben Shachar, que se tornou L\u00facifer.<\/p>\n<p>Mais que um comp\u00eandio de revela\u00e7\u00f5es poderosas, o conte\u00fado desta obra faz frente \u00e0s mentiras que foram incrustadas na mente do povo de Deus e impediram que fossem conhecidas verdades libertadoras.<\/p>\n<p>Qual s Teologia das Prim\u00edcias? Como identificar uma prim\u00edcia mal\u00edgna?<\/p>\n<p>Tudo isso e muito mais voc\u00ea vai descobrir nesta leitura. Plante estas verdades no seu cora\u00e7\u00e3o e viva como nunca sonhou, pois\u00a0 as prim\u00edcias desatam honra e santidade e garantem b\u00ean\u00e7\u00e3os inef\u00e1veis ao primiciador.<\/p>\n<\/div>\n","protected":false},"excerpt":{"rendered":"<p>Neste livro, Ren\u00ea Terra Nova revela preciosos segredos guardados nas entrelinhas da B\u00edblia e preservados pelos s\u00e1bios de Israel sobre Prim\u00edcias. Mais que uma express\u00e3o f\u00edsica de oferta, de gratid\u00e3o traduzida em presentes, Prim\u00edcias s\u00e3o um Princ\u00edpio B\u00edblico, baseado na Lei da Honra, uma ordenan\u00e7a divina, que nasceu no C\u00e9u, criado pelo pr\u00f3prio Deus e [&hellip;]<\/p>\n","protected":false},"featured_media":1929,"comment_status":"open","ping_status":"closed","template":"","meta":[],"product_cat":[14],"product_tag":[41,171,277],"_links":{"self":[{"href":"http:\/\/svsul.com.br\/sv\/index.php?rest_route=\/wp\/v2\/product\/1928"}],"collection":[{"href":"http:\/\/svsul.com.br\/sv\/index.php?rest_route=\/wp\/v2\/product"}],"about":[{"href":"http:\/\/svsul.com.br\/sv\/index.php?rest_route=\/wp\/v2\/types\/product"}],"replies":[{"embeddable":true,"href":"http:\/\/svsul.com.br\/sv\/index.php?rest_route=%2Fwp%2Fv2%2Fcomments&post=1928"}],"wp:featuredmedia":[{"embeddable":true,"href":"http:\/\/svsul.com.br\/sv\/index.php?rest_route=\/wp\/v2\/media\/1929"}],"wp:attachment":[{"href":"http:\/\/svsul.com.br\/sv\/index.php?rest_route=%2Fwp%2Fv2%2Fmedia&parent=1928"}],"wp:term":[{"taxonomy":"product_cat","embeddable":true,"href":"http:\/\/svsul.com.br\/sv\/index.php?rest_route=%2Fwp%2Fv2%2Fproduct_cat&post=1928"},{"taxonomy":"product_tag","embeddable":true,"href":"http:\/\/svsul.com.br\/sv\/index.php?rest_route=%2Fwp%2Fv2%2Fproduct_tag&post=1928"}],"curies":[{"name":"wp","href":"https:\/\/api.w.org\/{rel}","templated":true}]}}