{"id":193,"date":"2013-03-03T15:14:25","date_gmt":"2013-03-03T15:14:25","guid":{"rendered":"http:\/\/svsul.com.br\/sv\/?post_type=product&#038;p=193"},"modified":"2019-01-29T16:15:12","modified_gmt":"2019-01-29T16:15:12","slug":"familia-sede-do-avivamento","status":"publish","type":"product","link":"http:\/\/svsul.com.br\/sv\/?product=familia-sede-do-avivamento","title":{"rendered":"FAM\u00cdLIA, SEDE DO AVIVAMENTO"},"content":{"rendered":"<p>Nos \u00faltimos tempos, temos visto lares sendo atingidos pela destrui\u00e7\u00e3o e ru\u00edna. Por\u00e9m, em meio a tudo isso tamb\u00e9m pode ver a atua\u00e7\u00e3o majestosa do Senhor, restaurando vidas, resgatando em Cristo Jesus os valores eternos do prop\u00f3sito e do papel de cada membro da Fam\u00edlia.<br \/>\nVemos o Esp\u00edrito Santo soprando na dire\u00e7\u00e3o dos lares, trazendo ensino, conforto, seguran\u00e7a, santidade e o prazer de ser casado e de se ter uma fam\u00edlia. E, neste sopro renovador e restaurador, encontramos este livro, Fam\u00edlia, sede do avivamento, trazendo o orvalho das alturas para regar com b\u00ean\u00e7\u00e3os celestiais as Fam\u00edlias da presente gera\u00e7\u00e3o. De uma maneira clara e envolvente, as verdades da Palavra nos s\u00e3o descritas para uma vida abundante de alegria e amor dentro da moldura familiar.<br \/>\nQue o leitor fa\u00e7a um bom proveito dos tesouros contidos nestas p\u00e1ginas, pois o Senhor nos promete Fam\u00edlias santas e redimidas, importantes em Seus projetos para a humanidade, lembrando que \u201cSua promessa \u00e9 bem maior do que o deserto\u201d pelo qual possamos estar passando. Portanto, o que devemos fazer agora \u00e9 \u201cdesatar a un\u00e7\u00e3o\u201d que o Pai Celestial j\u00e1 nos reservou para uma vida plenamente feliz nos rios das Suas promessas.<\/p>\n<p>Autor: Ren\u00ea Terra Nova &#8211; 108 p\u00e1ginas<\/p>\n","protected":false},"excerpt":{"rendered":"<p>Vemos o Esp\u00edrito Santo soprando na dire\u00e7\u00e3o dos lares, trazendo ensino, conforto e seguran\u00e7a. E, neste sopro renovador e restaurador, encontramos este livro, Fam\u00edlia, sede do avivamento, trazendo o orvalho das alturas para regar com b\u00ean\u00e7\u00e3os celestiais.<\/p>\n","protected":false},"featured_media":194,"comment_status":"open","ping_status":"closed","template":"","meta":[],"product_cat":[14,18],"product_tag":[191,190,59],"_links":{"self":[{"href":"http:\/\/svsul.com.br\/sv\/index.php?rest_route=\/wp\/v2\/product\/193"}],"collection":[{"href":"http:\/\/svsul.com.br\/sv\/index.php?rest_route=\/wp\/v2\/product"}],"about":[{"href":"http:\/\/svsul.com.br\/sv\/index.php?rest_route=\/wp\/v2\/types\/product"}],"replies":[{"embeddable":true,"href":"http:\/\/svsul.com.br\/sv\/index.php?rest_route=%2Fwp%2Fv2%2Fcomments&post=193"}],"wp:featuredmedia":[{"embeddable":true,"href":"http:\/\/svsul.com.br\/sv\/index.php?rest_route=\/wp\/v2\/media\/194"}],"wp:attachment":[{"href":"http:\/\/svsul.com.br\/sv\/index.php?rest_route=%2Fwp%2Fv2%2Fmedia&parent=193"}],"wp:term":[{"taxonomy":"product_cat","embeddable":true,"href":"http:\/\/svsul.com.br\/sv\/index.php?rest_route=%2Fwp%2Fv2%2Fproduct_cat&post=193"},{"taxonomy":"product_tag","embeddable":true,"href":"http:\/\/svsul.com.br\/sv\/index.php?rest_route=%2Fwp%2Fv2%2Fproduct_tag&post=193"}],"curies":[{"name":"wp","href":"https:\/\/api.w.org\/{rel}","templated":true}]}}